{"id":500,"date":"2024-10-08T15:45:30","date_gmt":"2024-10-08T15:45:30","guid":{"rendered":"https:\/\/melizestetica.com.br\/admin\/?page_id=500"},"modified":"2025-01-14T13:15:17","modified_gmt":"2025-01-14T13:15:17","slug":"clareamento-de-manchas","status":"publish","type":"page","link":"https:\/\/melizestetica.com.br\/admin\/clareamento-de-manchas\/","title":{"rendered":"Clareamento de manchas"},"content":{"rendered":"\n\n  <div class=\"banner has-hover\" id=\"banner-592801809\">\n          <div class=\"banner-inner fill\">\n        <div class=\"banner-bg fill\" >\n            <div class=\"bg fill bg-fill \"><\/div>\n                        <div class=\"overlay\"><\/div>            \n                    <\/div>\n\t\t\n        <div class=\"banner-layers container\">\n            <div class=\"fill banner-link\"><\/div>            \n\n   <div id=\"text-box-1543359042\" class=\"text-box banner-layer x50 md-x50 lg-x50 y50 md-y50 lg-y50 res-text\">\n                                <div class=\"text-box-content text dark\">\n              \n              <div class=\"text-inner text-center\">\n                  \n\n\t<div id=\"text-1406537928\" class=\"text\">\n\t\t\n\n<h1>Clareamentos de Manchas<\/h1>\n\t\t\n<style>\n#text-1406537928 {\n  font-size: 0.85rem;\n}\n@media (min-width:550px) {\n  #text-1406537928 {\n    font-size: 1.25rem;\n  }\n}\n<\/style>\n\t<\/div>\n\t\n\n              <\/div>\n           <\/div>\n                            \n<style>\n#text-box-1543359042 {\n  width: 100%;\n}\n#text-box-1543359042 .text-box-content {\n  font-size: 100%;\n}\n@media (min-width:550px) {\n  #text-box-1543359042 {\n    width: 80%;\n  }\n}\n<\/style>\n    <\/div>\n \n\n        <\/div>\n      <\/div>\n\n            \n<style>\n#banner-592801809 {\n  padding-top: 300px;\n}\n#banner-592801809 .bg.bg-loaded {\n  background-image: url(https:\/\/melizestetica.com.br\/admin\/wp-content\/uploads\/2023\/07\/Grupo-100.png);\n}\n#banner-592801809 .overlay {\n  background-color: rgba(161, 89, 99, 0.14);\n}\n#banner-592801809 .bg {\n  background-position: 100% 53%;\n}\n#banner-592801809 .ux-shape-divider--top svg {\n  height: 150px;\n  --divider-top-width: 100%;\n}\n#banner-592801809 .ux-shape-divider--bottom svg {\n  height: 150px;\n  --divider-width: 100%;\n}\n<\/style>\n  <\/div>\n\n\n\t<div id=\"gap-775658607\" class=\"gap-element clearfix\" style=\"display:block; height:auto;\">\n\t\t\n<style>\n#gap-775658607 {\n  padding-top: 30px;\n}\n<\/style>\n\t<\/div>\n\t\n\n\t<section class=\"section\" id=\"section_1037979803\">\n\t\t<div class=\"bg section-bg fill bg-fill  bg-loaded\" >\n\n\t\t\t\n\t\t\t\n\t\t\t\n\n\t\t<\/div>\n\n\t\t\n\n\t\t<div class=\"section-content relative\">\n\t\t\t\n\n<div class=\"row\"  id=\"row-1082314154\">\n\n\n\t<div id=\"col-36023006\" class=\"col medium-6 small-12 large-6\"  >\n\t\t\t\t<div class=\"col-inner\"  >\n\t\t\t\n\t\t\t\n\n\t<div class=\"img has-hover imagem-borda x md-x lg-x y md-y lg-y\" id=\"image_883864705\">\n\t\t\t\t\t\t\t\t<div class=\"img-inner image-cover dark\" style=\"padding-top:500px;\">\n\t\t\t<img loading=\"lazy\" decoding=\"async\" width=\"2560\" height=\"1707\" src=\"https:\/\/melizestetica.com.br\/admin\/wp-content\/uploads\/2024\/10\/clareamento-manchas-scaled.jpg\" class=\"attachment-original size-original\" alt=\"\" srcset=\"https:\/\/melizestetica.com.br\/admin\/wp-content\/uploads\/2024\/10\/clareamento-manchas-scaled.jpg 2560w, https:\/\/melizestetica.com.br\/admin\/wp-content\/uploads\/2024\/10\/clareamento-manchas-300x200.jpg 300w, https:\/\/melizestetica.com.br\/admin\/wp-content\/uploads\/2024\/10\/clareamento-manchas-1024x683.jpg 1024w, https:\/\/melizestetica.com.br\/admin\/wp-content\/uploads\/2024\/10\/clareamento-manchas-768x512.jpg 768w, https:\/\/melizestetica.com.br\/admin\/wp-content\/uploads\/2024\/10\/clareamento-manchas-1536x1024.jpg 1536w, https:\/\/melizestetica.com.br\/admin\/wp-content\/uploads\/2024\/10\/clareamento-manchas-2048x1365.jpg 2048w\" sizes=\"auto, (max-width: 2560px) 100vw, 2560px\" \/>\t\t\t\t\t\t\n\t\t\t\t\t<\/div>\n\t\t\t\t\t\t\t\t\n<style>\n#image_883864705 {\n  width: 100%;\n}\n<\/style>\n\t<\/div>\n\t\n\n<div class=\"social-icons share-icons share-row relative icon-style-small\" style=\"font-size:114%\"><a href=\"whatsapp:\/\/send?text=Clareamento%20de%20manchas - https:\/\/melizestetica.com.br\/admin\/clareamento-de-manchas\/\" data-action=\"share\/whatsapp\/share\" class=\"icon plain tooltip whatsapp show-for-medium\" title=\"Share on WhatsApp\" aria-label=\"Share on WhatsApp\"><i class=\"icon-whatsapp\"><\/i><\/a><a href=\"https:\/\/www.facebook.com\/sharer.php?u=https:\/\/melizestetica.com.br\/admin\/clareamento-de-manchas\/\" data-label=\"Facebook\" onclick=\"window.open(this.href,this.title,'width=500,height=500,top=300px,left=300px');  return false;\" rel=\"noopener noreferrer nofollow\" target=\"_blank\" class=\"icon plain tooltip facebook\" title=\"Compartilhar no Facebook\" aria-label=\"Compartilhar no Facebook\"><i class=\"icon-facebook\" ><\/i><\/a><a href=\"https:\/\/twitter.com\/share?url=https:\/\/melizestetica.com.br\/admin\/clareamento-de-manchas\/\" onclick=\"window.open(this.href,this.title,'width=500,height=500,top=300px,left=300px');  return false;\" rel=\"noopener noreferrer nofollow\" target=\"_blank\" class=\"icon plain tooltip twitter\" title=\"Compartilhar no Twitter\" aria-label=\"Compartilhar no Twitter\"><i class=\"icon-twitter\" ><\/i><\/a><a href=\"mailto:enteryour@addresshere.com?subject=Clareamento%20de%20manchas&amp;body=Check%20this%20out:%20https:\/\/melizestetica.com.br\/admin\/clareamento-de-manchas\/\" rel=\"nofollow\" class=\"icon plain tooltip email\" title=\"Enviar por email para um amigo\" aria-label=\"Enviar por email para um amigo\"><i class=\"icon-envelop\" ><\/i><\/a><a href=\"https:\/\/pinterest.com\/pin\/create\/button\/?url=https:\/\/melizestetica.com.br\/admin\/clareamento-de-manchas\/&amp;media=&amp;description=Clareamento%20de%20manchas\" onclick=\"window.open(this.href,this.title,'width=500,height=500,top=300px,left=300px');  return false;\" rel=\"noopener noreferrer nofollow\" target=\"_blank\" class=\"icon plain tooltip pinterest\" title=\"Pin no Pinterest\" aria-label=\"Pin no Pinterest\"><i class=\"icon-pinterest\" ><\/i><\/a><a href=\"https:\/\/www.linkedin.com\/shareArticle?mini=true&url=https:\/\/melizestetica.com.br\/admin\/clareamento-de-manchas\/&title=Clareamento%20de%20manchas\" onclick=\"window.open(this.href,this.title,'width=500,height=500,top=300px,left=300px');  return false;\"  rel=\"noopener noreferrer nofollow\" target=\"_blank\" class=\"icon plain tooltip linkedin\" title=\"Share on LinkedIn\" aria-label=\"Share on LinkedIn\"><i class=\"icon-linkedin\" ><\/i><\/a><\/div>\n\n\n\t\t<\/div>\n\t\t\t\t\t<\/div>\n\n\t\n\n\t<div id=\"col-1798382319\" class=\"col medium-6 small-12 large-6\"  >\n\t\t\t\t<div class=\"col-inner\"  >\n\t\t\t\n\t\t\t\n\n<p>\u00c9 um tratamento est\u00e9tico voltado para uniformizar o tom da pele, reduzindo a apar\u00eancia de manchas causadas por fatores como exposi\u00e7\u00e3o ao sol, acne, melasma, envelhecimento ou altera\u00e7\u00f5es hormonais. Esse procedimento utiliza t\u00e9cnicas avan\u00e7adas para tratar desde manchas mais superficiais at\u00e9 as mais profundas, promovendo uma pele mais homog\u00eanea e luminosa.<\/p>\n<p>Os tratamentos podem incluir peelings qu\u00edmicos, laser, luz pulsada e aplica\u00e7\u00e3o de ativos despigmentantes, todos cuidadosamente ajustados \u00e0s necessidades de cada paciente. Al\u00e9m de clarear as manchas, esses procedimentos estimulam a renova\u00e7\u00e3o celular e melhoram a textura da pele, deixando-a mais macia e revitalizada.<\/p>\n<p>Realizado por profissionais especializados, o clareamento de manchas \u00e9 seguro e eficaz, proporcionando resultados vis\u00edveis e duradouros. \u00c9 o cuidado ideal para quem busca recuperar a beleza natural da pele e resgatar a autoestima.<\/p>\n<a class=\"button primary\"  style=\"border-radius:99px;\">\n    <span>Agende sua avalia\u00e7\u00e3o<\/span>\n  <\/a>\n\n\n\n\t\t<\/div>\n\t\t\t\t\t<\/div>\n\n\t\n\n<\/div>\n\n\t\t<\/div>\n\n\t\t\n<style>\n#section_1037979803 {\n  padding-top: 0px;\n  padding-bottom: 0px;\n}\n#section_1037979803 .ux-shape-divider--top svg {\n  height: 150px;\n  --divider-top-width: 100%;\n}\n#section_1037979803 .ux-shape-divider--bottom svg {\n  height: 150px;\n  --divider-width: 100%;\n}\n<\/style>\n\t<\/section>\n\t\n\n\t<section class=\"section\" id=\"section_332416393\">\n\t\t<div class=\"bg section-bg fill bg-fill  bg-loaded\" >\n\n\t\t\t\n\t\t\t\n\t\t\t\n\n\t\t<\/div>\n\n\t\t\n\n\t\t<div class=\"section-content relative\">\n\t\t\t\n\n\t<div id=\"text-1828437078\" class=\"text\">\n\t\t\n\n<h1>\u00daltimas not\u00edcias e artigos<\/h1>\n\t\t\n<style>\n#text-1828437078 {\n  font-size: 1.5rem;\n  text-align: center;\n  color: #a15963;\n}\n#text-1828437078 > * {\n  color: #a15963;\n}\n<\/style>\n\t<\/div>\n\t\n\n  \n    <div class=\"row large-columns-3 medium-columns-1 small-columns-1 slider row-slider slider-nav-circle slider-nav-outside slider-nav-push\"  data-flickity-options='{\"imagesLoaded\": true, \"groupCells\": \"100%\", \"dragThreshold\" : 5, \"cellAlign\": \"left\",\"wrapAround\": true,\"prevNextButtons\": true,\"percentPosition\": true,\"pageDots\": true, \"rightToLeft\": false, \"autoPlay\" : false}'>\n\n  <div class=\"col post-item\" >\n\t\t\t<div class=\"col-inner\">\n\t\t\t<a href=\"https:\/\/melizestetica.com.br\/admin\/2024\/10\/07\/limpeza-de-pele\/\" class=\"plain\">\n\t\t\t\t<div class=\"box box-normal box-text-bottom box-blog-post has-hover\">\n            \t\t\t\t\t<div class=\"box-image\" >\n  \t\t\t\t\t\t<div class=\"image-cover\" style=\"padding-top:56.25%;\">\n  \t\t\t\t\t\t\t<img loading=\"lazy\" decoding=\"async\" width=\"2560\" height=\"1707\" src=\"https:\/\/melizestetica.com.br\/admin\/wp-content\/uploads\/2024\/09\/limpeza-de-pele-scaled.jpg\" class=\"attachment-original size-original wp-post-image\" alt=\"\" srcset=\"https:\/\/melizestetica.com.br\/admin\/wp-content\/uploads\/2024\/09\/limpeza-de-pele-scaled.jpg 2560w, https:\/\/melizestetica.com.br\/admin\/wp-content\/uploads\/2024\/09\/limpeza-de-pele-300x200.jpg 300w, https:\/\/melizestetica.com.br\/admin\/wp-content\/uploads\/2024\/09\/limpeza-de-pele-1024x683.jpg 1024w, https:\/\/melizestetica.com.br\/admin\/wp-content\/uploads\/2024\/09\/limpeza-de-pele-768x512.jpg 768w, https:\/\/melizestetica.com.br\/admin\/wp-content\/uploads\/2024\/09\/limpeza-de-pele-1536x1024.jpg 1536w, https:\/\/melizestetica.com.br\/admin\/wp-content\/uploads\/2024\/09\/limpeza-de-pele-2048x1365.jpg 2048w\" sizes=\"auto, (max-width: 2560px) 100vw, 2560px\" \/>  \t\t\t\t\t\t\t  \t\t\t\t\t\t\t  \t\t\t\t\t\t<\/div>\n  \t\t\t\t\t\t  \t\t\t\t\t<\/div>\n          \t\t\t\t\t<div class=\"box-text text-center\" >\n\t\t\t\t\t<div class=\"box-text-inner blog-post-inner\">\n\n\t\t\t\t\t\n\t\t\t\t\t\t\t\t\t\t<h5 class=\"post-title is-large \">Limpeza de pele<\/h5>\n\t\t\t\t\t\t\t\t\t\t<div class=\"is-divider\"><\/div>\n\t\t\t\t\t\t\t\t\t\t<p class=\"from_the_blog_excerpt \">Limpeza de Pele: Um Ritual de Cuidado e Bem-Estar A limpeza de pele \u00e9 um [...]\t\t\t\t\t<\/p>\n\t\t\t\t\t                    \n\t\t\t\t\t\n\t\t\t\t\t\n\t\t\t\t\t<\/div>\n\t\t\t\t\t<\/div>\n\t\t\t\t\t\t\t\t\t<\/div>\n\t\t\t\t<\/a>\n\t\t\t<\/div>\n\t\t<\/div><div class=\"col post-item\" >\n\t\t\t<div class=\"col-inner\">\n\t\t\t<a href=\"https:\/\/melizestetica.com.br\/admin\/2024\/09\/23\/estetica-avancada-solucoes-inovadoras-para-resultados-reais\/\" class=\"plain\">\n\t\t\t\t<div class=\"box box-normal box-text-bottom box-blog-post has-hover\">\n            \t\t\t\t\t<div class=\"box-image\" >\n  \t\t\t\t\t\t<div class=\"image-cover\" style=\"padding-top:56.25%;\">\n  \t\t\t\t\t\t\t<img loading=\"lazy\" decoding=\"async\" width=\"1500\" height=\"1000\" src=\"https:\/\/melizestetica.com.br\/admin\/wp-content\/uploads\/2023\/07\/retrato-de-mulher-retocado-antes-e-depois-e1689428744347.jpg\" class=\"attachment-original size-original wp-post-image\" alt=\"\" srcset=\"https:\/\/melizestetica.com.br\/admin\/wp-content\/uploads\/2023\/07\/retrato-de-mulher-retocado-antes-e-depois-e1689428744347.jpg 1500w, https:\/\/melizestetica.com.br\/admin\/wp-content\/uploads\/2023\/07\/retrato-de-mulher-retocado-antes-e-depois-e1689428744347-300x200.jpg 300w, https:\/\/melizestetica.com.br\/admin\/wp-content\/uploads\/2023\/07\/retrato-de-mulher-retocado-antes-e-depois-e1689428744347-1024x683.jpg 1024w, https:\/\/melizestetica.com.br\/admin\/wp-content\/uploads\/2023\/07\/retrato-de-mulher-retocado-antes-e-depois-e1689428744347-768x512.jpg 768w\" sizes=\"auto, (max-width: 1500px) 100vw, 1500px\" \/>  \t\t\t\t\t\t\t  \t\t\t\t\t\t\t  \t\t\t\t\t\t<\/div>\n  \t\t\t\t\t\t  \t\t\t\t\t<\/div>\n          \t\t\t\t\t<div class=\"box-text text-center\" >\n\t\t\t\t\t<div class=\"box-text-inner blog-post-inner\">\n\n\t\t\t\t\t\n\t\t\t\t\t\t\t\t\t\t<h5 class=\"post-title is-large \">Est\u00e9tica Avan\u00e7ada: Solu\u00e7\u00f5es Inovadoras para Resultados Reais<\/h5>\n\t\t\t\t\t\t\t\t\t\t<div class=\"is-divider\"><\/div>\n\t\t\t\t\t\t\t\t\t\t<p class=\"from_the_blog_excerpt \">A est\u00e9tica avan\u00e7ada traz solu\u00e7\u00f5es que v\u00e3o al\u00e9m dos tratamentos convencionais, utilizando equipamentos de alta [...]\t\t\t\t\t<\/p>\n\t\t\t\t\t                    \n\t\t\t\t\t\n\t\t\t\t\t\n\t\t\t\t\t<\/div>\n\t\t\t\t\t<\/div>\n\t\t\t\t\t\t\t\t\t<\/div>\n\t\t\t\t<\/a>\n\t\t\t<\/div>\n\t\t<\/div><div class=\"col post-item\" >\n\t\t\t<div class=\"col-inner\">\n\t\t\t<a href=\"https:\/\/melizestetica.com.br\/admin\/2024\/09\/23\/tecnologia-a-servico-da-beleza\/\" class=\"plain\">\n\t\t\t\t<div class=\"box box-normal box-text-bottom box-blog-post has-hover\">\n            \t\t\t\t\t<div class=\"box-image\" >\n  \t\t\t\t\t\t<div class=\"image-cover\" style=\"padding-top:56.25%;\">\n  \t\t\t\t\t\t\t<img loading=\"lazy\" decoding=\"async\" width=\"2048\" height=\"2048\" src=\"https:\/\/melizestetica.com.br\/admin\/wp-content\/uploads\/2024\/08\/webstories3.png\" class=\"attachment-original size-original wp-post-image\" alt=\"\" srcset=\"https:\/\/melizestetica.com.br\/admin\/wp-content\/uploads\/2024\/08\/webstories3.png 2048w, https:\/\/melizestetica.com.br\/admin\/wp-content\/uploads\/2024\/08\/webstories3-300x300.png 300w, https:\/\/melizestetica.com.br\/admin\/wp-content\/uploads\/2024\/08\/webstories3-1024x1024.png 1024w, https:\/\/melizestetica.com.br\/admin\/wp-content\/uploads\/2024\/08\/webstories3-150x150.png 150w, https:\/\/melizestetica.com.br\/admin\/wp-content\/uploads\/2024\/08\/webstories3-768x768.png 768w, https:\/\/melizestetica.com.br\/admin\/wp-content\/uploads\/2024\/08\/webstories3-1536x1536.png 1536w\" sizes=\"auto, (max-width: 2048px) 100vw, 2048px\" \/>  \t\t\t\t\t\t\t  \t\t\t\t\t\t\t  \t\t\t\t\t\t<\/div>\n  \t\t\t\t\t\t  \t\t\t\t\t<\/div>\n          \t\t\t\t\t<div class=\"box-text text-center\" >\n\t\t\t\t\t<div class=\"box-text-inner blog-post-inner\">\n\n\t\t\t\t\t\n\t\t\t\t\t\t\t\t\t\t<h5 class=\"post-title is-large \">Tecnologia a Servi\u00e7o da Beleza<\/h5>\n\t\t\t\t\t\t\t\t\t\t<div class=\"is-divider\"><\/div>\n\t\t\t\t\t\t\t\t\t\t<p class=\"from_the_blog_excerpt \">A est\u00e9tica avan\u00e7ada combina as mais recentes tecnologias com t\u00e9cnicas inovadoras para transformar a apar\u00eancia [...]\t\t\t\t\t<\/p>\n\t\t\t\t\t                    \n\t\t\t\t\t\n\t\t\t\t\t\n\t\t\t\t\t<\/div>\n\t\t\t\t\t<\/div>\n\t\t\t\t\t\t\t\t\t<\/div>\n\t\t\t\t<\/a>\n\t\t\t<\/div>\n\t\t<\/div><div class=\"col post-item\" >\n\t\t\t<div class=\"col-inner\">\n\t\t\t<a href=\"https:\/\/melizestetica.com.br\/admin\/2023\/07\/15\/hello-world\/\" class=\"plain\">\n\t\t\t\t<div class=\"box box-normal box-text-bottom box-blog-post has-hover\">\n            \t\t\t\t\t<div class=\"box-image\" >\n  \t\t\t\t\t\t<div class=\"image-cover\" style=\"padding-top:56.25%;\">\n  \t\t\t\t\t\t\t<img loading=\"lazy\" decoding=\"async\" width=\"1500\" height=\"1000\" src=\"https:\/\/melizestetica.com.br\/admin\/wp-content\/uploads\/2023\/07\/mulher-com-uma-cicatriz-no-ombro.jpg\" class=\"attachment-original size-original wp-post-image\" alt=\"\" srcset=\"https:\/\/melizestetica.com.br\/admin\/wp-content\/uploads\/2023\/07\/mulher-com-uma-cicatriz-no-ombro.jpg 1500w, https:\/\/melizestetica.com.br\/admin\/wp-content\/uploads\/2023\/07\/mulher-com-uma-cicatriz-no-ombro-300x200.jpg 300w, https:\/\/melizestetica.com.br\/admin\/wp-content\/uploads\/2023\/07\/mulher-com-uma-cicatriz-no-ombro-1024x683.jpg 1024w, https:\/\/melizestetica.com.br\/admin\/wp-content\/uploads\/2023\/07\/mulher-com-uma-cicatriz-no-ombro-768x512.jpg 768w\" sizes=\"auto, (max-width: 1500px) 100vw, 1500px\" \/>  \t\t\t\t\t\t\t  \t\t\t\t\t\t\t  \t\t\t\t\t\t<\/div>\n  \t\t\t\t\t\t  \t\t\t\t\t<\/div>\n          \t\t\t\t\t<div class=\"box-text text-center\" >\n\t\t\t\t\t<div class=\"box-text-inner blog-post-inner\">\n\n\t\t\t\t\t\n\t\t\t\t\t\t\t\t\t\t<h5 class=\"post-title is-large \">O Poder do Autocuidado no Aumento do Bem-Estar<\/h5>\n\t\t\t\t\t\t\t\t\t\t<div class=\"is-divider\"><\/div>\n\t\t\t\t\t\t\t\t\t\t<p class=\"from_the_blog_excerpt \">O autocuidado vai al\u00e9m da est\u00e9tica, ele \u00e9 uma pr\u00e1tica essencial para promover bem-estar f\u00edsico [...]\t\t\t\t\t<\/p>\n\t\t\t\t\t                    \n\t\t\t\t\t\n\t\t\t\t\t\n\t\t\t\t\t<\/div>\n\t\t\t\t\t<\/div>\n\t\t\t\t\t\t\t\t\t<\/div>\n\t\t\t\t<\/a>\n\t\t\t<\/div>\n\t\t<\/div><\/div>\n\n\n\t\t<\/div>\n\n\t\t\n<style>\n#section_332416393 {\n  padding-top: 30px;\n  padding-bottom: 30px;\n}\n#section_332416393 .ux-shape-divider--top svg {\n  height: 150px;\n  --divider-top-width: 100%;\n}\n#section_332416393 .ux-shape-divider--bottom svg {\n  height: 150px;\n  --divider-width: 100%;\n}\n<\/style>\n\t<\/section>\n\t\n\n","protected":false},"excerpt":{"rendered":"","protected":false},"author":1,"featured_media":0,"parent":0,"menu_order":0,"comment_status":"closed","ping_status":"closed","template":"page-blank.php","meta":{"footnotes":""},"class_list":["post-500","page","type-page","status-publish","hentry"],"_links":{"self":[{"href":"https:\/\/melizestetica.com.br\/admin\/wp-json\/wp\/v2\/pages\/500","targetHints":{"allow":["GET"]}}],"collection":[{"href":"https:\/\/melizestetica.com.br\/admin\/wp-json\/wp\/v2\/pages"}],"about":[{"href":"https:\/\/melizestetica.com.br\/admin\/wp-json\/wp\/v2\/types\/page"}],"author":[{"embeddable":true,"href":"https:\/\/melizestetica.com.br\/admin\/wp-json\/wp\/v2\/users\/1"}],"replies":[{"embeddable":true,"href":"https:\/\/melizestetica.com.br\/admin\/wp-json\/wp\/v2\/comments?post=500"}],"version-history":[{"count":9,"href":"https:\/\/melizestetica.com.br\/admin\/wp-json\/wp\/v2\/pages\/500\/revisions"}],"predecessor-version":[{"id":920,"href":"https:\/\/melizestetica.com.br\/admin\/wp-json\/wp\/v2\/pages\/500\/revisions\/920"}],"wp:attachment":[{"href":"https:\/\/melizestetica.com.br\/admin\/wp-json\/wp\/v2\/media?parent=500"}],"curies":[{"name":"wp","href":"https:\/\/api.w.org\/{rel}","templated":true}]}}