{"id":300,"date":"2024-10-03T18:39:39","date_gmt":"2024-10-03T18:39:39","guid":{"rendered":"https:\/\/melizestetica.com.br\/admin\/?page_id=300"},"modified":"2025-01-15T13:04:36","modified_gmt":"2025-01-15T13:04:36","slug":"agende-sua-avaliacao","status":"publish","type":"page","link":"https:\/\/melizestetica.com.br\/admin\/agende-sua-avaliacao\/","title":{"rendered":"Agende sua avalia\u00e7\u00e3o"},"content":{"rendered":"\n\n  <div class=\"banner has-hover\" id=\"banner-1739447052\">\n          <div class=\"banner-inner fill\">\n        <div class=\"banner-bg fill\" >\n            <div class=\"bg fill bg-fill \"><\/div>\n                        <div class=\"overlay\"><\/div>            \n                    <\/div>\n\t\t\n        <div class=\"banner-layers container\">\n            <div class=\"fill banner-link\"><\/div>            \n\n   <div id=\"text-box-1308590229\" class=\"text-box banner-layer x50 md-x50 lg-x50 y50 md-y50 lg-y50 res-text\">\n                                <div class=\"text-box-content text dark\">\n              \n              <div class=\"text-inner text-center\">\n                  \n\n\t<div id=\"text-1413874164\" class=\"text\">\n\t\t\n\n<h1>Agende sua avalia\u00e7\u00e3o<\/h1>\n\t\t\n<style>\n#text-1413874164 {\n  font-size: 1rem;\n}\n@media (min-width:550px) {\n  #text-1413874164 {\n    font-size: 1.25rem;\n  }\n}\n<\/style>\n\t<\/div>\n\t\n\n              <\/div>\n           <\/div>\n                            \n<style>\n#text-box-1308590229 {\n  width: 100%;\n}\n#text-box-1308590229 .text-box-content {\n  font-size: 100%;\n}\n@media (min-width:550px) {\n  #text-box-1308590229 {\n    width: 68%;\n  }\n}\n<\/style>\n    <\/div>\n \n\n        <\/div>\n      <\/div>\n\n            \n<style>\n#banner-1739447052 {\n  padding-top: 300px;\n}\n#banner-1739447052 .bg.bg-loaded {\n  background-image: url(https:\/\/melizestetica.com.br\/admin\/wp-content\/uploads\/2023\/07\/Grupo-100.png);\n}\n#banner-1739447052 .overlay {\n  background-color: rgba(0, 0, 0, 0.064);\n}\n#banner-1739447052 .bg {\n  background-position: 0% 51%;\n}\n#banner-1739447052 .ux-shape-divider--top svg {\n  height: 150px;\n  --divider-top-width: 100%;\n}\n#banner-1739447052 .ux-shape-divider--bottom svg {\n  height: 150px;\n  --divider-width: 100%;\n}\n@media (min-width:550px) {\n  #banner-1739447052 .overlay {\n    background-color: rgba(161, 89, 99, 0.14);\n  }\n}\n<\/style>\n  <\/div>\n\n\n\t<section class=\"section\" id=\"section_1275180665\">\n\t\t<div class=\"bg section-bg fill bg-fill  bg-loaded\" >\n\n\t\t\t\n\t\t\t\n\t\t\t\n\n\t\t<\/div>\n\n\t\t\n\n\t\t<div class=\"section-content relative\">\n\t\t\t\n\n<div class=\"row align-center\"  id=\"row-279573957\">\n\n\n\t<div id=\"col-1528662131\" class=\"col medium-9 small-12 large-9\"  >\n\t\t\t\t<div class=\"col-inner\"  >\n\t\t\t\n\t\t\t\n\n\t<div id=\"gap-1262471137\" class=\"gap-element clearfix\" style=\"display:block; height:auto;\">\n\t\t\n<style>\n#gap-1262471137 {\n  padding-top: 30px;\n}\n<\/style>\n\t<\/div>\n\t\n\n\t<div id=\"text-2011682372\" class=\"text\">\n\t\t\n\n<h1>Seu bem estar \u00e9 nossa prioridade<\/h1>\n\t\t\n<style>\n#text-2011682372 {\n  font-size: 1.5rem;\n  text-align: center;\n  color: #a15963;\n}\n#text-2011682372 > * {\n  color: #a15963;\n}\n<\/style>\n\t<\/div>\n\t\n\t<div id=\"text-600470078\" class=\"text\">\n\t\t\n\n<p>Na Meliz Est\u00e9tica, estamos sempre prontos para ouvir voc\u00ea! Se tiver d\u00favidas, sugest\u00f5es ou quiser agendar um atendimento, nossa equipe est\u00e1 \u00e0 disposi\u00e7\u00e3o para ajudar.<\/p>\n\t\t\n<style>\n#text-600470078 {\n  text-align: center;\n  color: rgb(0,0,0);\n}\n#text-600470078 > * {\n  color: rgb(0,0,0);\n}\n<\/style>\n\t<\/div>\n\t\n\n\t\t<\/div>\n\t\t\t\t\t<\/div>\n\n\t\n\n<\/div>\n\n\t\t<\/div>\n\n\t\t\n<style>\n#section_1275180665 {\n  padding-top: 0px;\n  padding-bottom: 0px;\n}\n#section_1275180665 .ux-shape-divider--top svg {\n  height: 150px;\n  --divider-top-width: 100%;\n}\n#section_1275180665 .ux-shape-divider--bottom svg {\n  height: 150px;\n  --divider-width: 100%;\n}\n<\/style>\n\t<\/section>\n\t\n\t<section class=\"section\" id=\"section_1673972097\">\n\t\t<div class=\"bg section-bg fill bg-fill  bg-loaded\" >\n\n\t\t\t\n\t\t\t\n\t\t\t\n\n\t\t<\/div>\n\n\t\t\n\n\t\t<div class=\"section-content relative\">\n\t\t\t\n\n<div class=\"row align-middle\"  id=\"row-1041269532\">\n\n\n\t<div id=\"col-1684933683\" class=\"col medium-6 small-12 large-6\"  >\n\t\t\t\t<div class=\"col-inner\"  >\n\t\t\t\n\t\t\t\n\n\t<div class=\"img has-hover borda-avaliacao x md-x lg-x y md-y lg-y\" id=\"image_987464163\">\n\t\t\t\t\t\t\t\t<div class=\"img-inner image-cover dark\" style=\"padding-top:650px;\">\n\t\t\t<img loading=\"lazy\" decoding=\"async\" width=\"2048\" height=\"2048\" src=\"https:\/\/melizestetica.com.br\/admin\/wp-content\/uploads\/2024\/08\/webstories1.png\" class=\"attachment-original size-original\" alt=\"\" srcset=\"https:\/\/melizestetica.com.br\/admin\/wp-content\/uploads\/2024\/08\/webstories1.png 2048w, https:\/\/melizestetica.com.br\/admin\/wp-content\/uploads\/2024\/08\/webstories1-300x300.png 300w, https:\/\/melizestetica.com.br\/admin\/wp-content\/uploads\/2024\/08\/webstories1-1024x1024.png 1024w, https:\/\/melizestetica.com.br\/admin\/wp-content\/uploads\/2024\/08\/webstories1-150x150.png 150w, https:\/\/melizestetica.com.br\/admin\/wp-content\/uploads\/2024\/08\/webstories1-768x768.png 768w, https:\/\/melizestetica.com.br\/admin\/wp-content\/uploads\/2024\/08\/webstories1-1536x1536.png 1536w\" sizes=\"auto, (max-width: 2048px) 100vw, 2048px\" \/>\t\t\t\t\t\t\n\t\t\t\t\t<\/div>\n\t\t\t\t\t\t\t\t\n<style>\n#image_987464163 {\n  width: 100%;\n}\n<\/style>\n\t<\/div>\n\t\n\n\n\t\t<\/div>\n\t\t\t\t\t<\/div>\n\n\t\n\n\t<div id=\"col-113577063\" class=\"col medium-6 small-12 large-6\"  >\n\t\t\t\t<div class=\"col-inner\"  >\n\t\t\t\n\t\t\t\n\n\t<div id=\"text-2450698093\" class=\"text\">\n\t\t\n\n<p><span style=\"font-size: 130%;\">Fale Conosco<\/span><\/p>\n<h1><span style=\"font-size: 150%;\">Entre em contato \u00a0<\/span><\/h1>\n\n\t\t\n<style>\n#text-2450698093 {\n  line-height: 0.75;\n  color: #a15963;\n}\n#text-2450698093 > * {\n  color: #a15963;\n}\n<\/style>\n\t<\/div>\n\t\n\n<div class=\"wpcf7 no-js\" id=\"wpcf7-f12-o1\" lang=\"pt-BR\" dir=\"ltr\">\n<div class=\"screen-reader-response\"><p role=\"status\" aria-live=\"polite\" aria-atomic=\"true\"><\/p> <ul><\/ul><\/div>\n<form action=\"\/admin\/wp-json\/wp\/v2\/pages\/300#wpcf7-f12-o1\" method=\"post\" class=\"wpcf7-form init\" aria-label=\"Formul\u00e1rios de contato\" novalidate=\"novalidate\" data-status=\"init\">\n<div style=\"display: none;\">\n<input type=\"hidden\" name=\"_wpcf7\" value=\"12\" \/>\n<input type=\"hidden\" name=\"_wpcf7_version\" value=\"5.7.7\" \/>\n<input type=\"hidden\" name=\"_wpcf7_locale\" value=\"pt_BR\" \/>\n<input type=\"hidden\" name=\"_wpcf7_unit_tag\" value=\"wpcf7-f12-o1\" \/>\n<input type=\"hidden\" name=\"_wpcf7_container_post\" value=\"0\" \/>\n<input type=\"hidden\" name=\"_wpcf7_posted_data_hash\" value=\"\" \/>\n<\/div>\n<p><span class=\"wpcf7-form-control-wrap\" data-name=\"nome\"><input size=\"40\" class=\"wpcf7-form-control wpcf7-text wpcf7-validates-as-required\" aria-required=\"true\" aria-invalid=\"false\" placeholder=\"nome\" value=\"\" type=\"text\" name=\"nome\" \/><\/span>\n<\/p>\n<p><span class=\"wpcf7-form-control-wrap\" data-name=\"email\"><input size=\"40\" class=\"wpcf7-form-control wpcf7-text wpcf7-email wpcf7-validates-as-required wpcf7-validates-as-email\" aria-required=\"true\" aria-invalid=\"false\" value=\"email\" type=\"email\" name=\"email\" \/><\/span>\n<\/p>\n<p><span class=\"wpcf7-form-control-wrap\" data-name=\"date\"><input class=\"wpcf7-form-control wpcf7-date wpcf7-validates-as-required wpcf7-validates-as-date\" aria-required=\"true\" aria-invalid=\"false\" value=\"\" type=\"date\" name=\"date\" \/><\/span>\n<\/p>\n<p><span class=\"wpcf7-form-control-wrap\" data-name=\"text\"><input size=\"40\" class=\"wpcf7-form-control wpcf7-text wpcf7-validates-as-required\" aria-required=\"true\" aria-invalid=\"false\" placeholder=\"data escolhida para o atendimento\" value=\"\" type=\"text\" name=\"text\" \/><\/span>\n<\/p>\n<p><span class=\"wpcf7-form-control-wrap\" data-name=\"text\"><input size=\"40\" class=\"wpcf7-form-control wpcf7-text wpcf7-validates-as-required\" aria-required=\"true\" aria-invalid=\"false\" placeholder=\"hor\u00e1rio preferido\" value=\"\" type=\"text\" name=\"text\" \/><\/span>\n<\/p>\n<p><span class=\"wpcf7-form-control-wrap\" data-name=\"checkbox-963\"><span class=\"wpcf7-form-control wpcf7-checkbox\"><span class=\"wpcf7-list-item first\"><label><input type=\"checkbox\" name=\"checkbox-963[]\" value=\"Tratamento Facial\" \/><span class=\"wpcf7-list-item-label\">Tratamento Facial<\/span><\/label><\/span><span class=\"wpcf7-list-item\"><label><input type=\"checkbox\" name=\"checkbox-963[]\" value=\"Tratamento Corporal\" \/><span class=\"wpcf7-list-item-label\">Tratamento Corporal<\/span><\/label><\/span><span class=\"wpcf7-list-item last\"><label><input type=\"checkbox\" name=\"checkbox-963[]\" value=\"Protocolos\" \/><span class=\"wpcf7-list-item-label\">Protocolos<\/span><\/label><\/span><\/span><\/span>\n<\/p>\n<p><span class=\"wpcf7-form-control-wrap\" data-name=\"mensagem\"><textarea cols=\"40\" rows=\"10\" class=\"wpcf7-form-control wpcf7-textarea\" aria-invalid=\"false\" name=\"mensagem\"><\/textarea><\/span>\n<\/p>\n<p><input class=\"wpcf7-form-control has-spinner wpcf7-submit\" type=\"submit\" value=\"Enviar\" \/>\n<\/p><div class=\"wpcf7-response-output\" aria-hidden=\"true\"><\/div>\n<\/form>\n<\/div>\n\n\n\n\t\t<\/div>\n\t\t\t\t\t<\/div>\n\n\t\n\n<\/div>\n\n\t\t<\/div>\n\n\t\t\n<style>\n#section_1673972097 {\n  padding-top: 0px;\n  padding-bottom: 0px;\n}\n#section_1673972097 .ux-shape-divider--top svg {\n  height: 150px;\n  --divider-top-width: 100%;\n}\n#section_1673972097 .ux-shape-divider--bottom svg {\n  height: 150px;\n  --divider-width: 100%;\n}\n<\/style>\n\t<\/section>\n\t\n\t<section class=\"section\" id=\"section_2069999291\">\n\t\t<div class=\"bg section-bg fill bg-fill  bg-loaded\" >\n\n\t\t\t\n\t\t\t\n\t\t\t\n\n\t\t<\/div>\n\n\t\t\n\n\t\t<div class=\"section-content relative\">\n\t\t\t\n\n<p><iframe src=\"https:\/\/www.google.com\/maps\/embed?pb=!1m18!1m12!1m3!1d3653.736995263144!2d-46.550508625416995!3d-23.685361666158126!2m3!1f0!2f0!3f0!3m2!1i1024!2i768!4f13.1!3m3!1m2!1s0x94ce43e49a4b62d5%3A0xfba53f2a095c34e4!2sTrilogy%20Offices!5e0!3m2!1spt-BR!2sbr!4v1727984849330!5m2!1spt-BR!2sbr\" width=\"1500\" height=\"250\" style=\"border:0;\" allowfullscreen=\"\" loading=\"lazy\" referrerpolicy=\"no-referrer-when-downgrade\"><\/iframe><\/p>\n\n\t\t<\/div>\n\n\t\t\n<style>\n#section_2069999291 {\n  padding-top: 0px;\n  padding-bottom: 0px;\n  margin-bottom: -26px;\n}\n#section_2069999291 .ux-shape-divider--top svg {\n  height: 150px;\n  --divider-top-width: 100%;\n}\n#section_2069999291 .ux-shape-divider--bottom svg {\n  height: 150px;\n  --divider-width: 100%;\n}\n<\/style>\n\t<\/section>\n\t\n\n","protected":false},"excerpt":{"rendered":"","protected":false},"author":1,"featured_media":0,"parent":0,"menu_order":0,"comment_status":"closed","ping_status":"closed","template":"page-blank.php","meta":{"footnotes":""},"class_list":["post-300","page","type-page","status-publish","hentry"],"_links":{"self":[{"href":"https:\/\/melizestetica.com.br\/admin\/wp-json\/wp\/v2\/pages\/300","targetHints":{"allow":["GET"]}}],"collection":[{"href":"https:\/\/melizestetica.com.br\/admin\/wp-json\/wp\/v2\/pages"}],"about":[{"href":"https:\/\/melizestetica.com.br\/admin\/wp-json\/wp\/v2\/types\/page"}],"author":[{"embeddable":true,"href":"https:\/\/melizestetica.com.br\/admin\/wp-json\/wp\/v2\/users\/1"}],"replies":[{"embeddable":true,"href":"https:\/\/melizestetica.com.br\/admin\/wp-json\/wp\/v2\/comments?post=300"}],"version-history":[{"count":19,"href":"https:\/\/melizestetica.com.br\/admin\/wp-json\/wp\/v2\/pages\/300\/revisions"}],"predecessor-version":[{"id":922,"href":"https:\/\/melizestetica.com.br\/admin\/wp-json\/wp\/v2\/pages\/300\/revisions\/922"}],"wp:attachment":[{"href":"https:\/\/melizestetica.com.br\/admin\/wp-json\/wp\/v2\/media?parent=300"}],"curies":[{"name":"wp","href":"https:\/\/api.w.org\/{rel}","templated":true}]}}