{"id":198,"date":"2024-09-23T18:06:34","date_gmt":"2024-09-23T18:06:34","guid":{"rendered":"https:\/\/melizestetica.com.br\/admin\/?page_id=198"},"modified":"2024-12-19T19:03:48","modified_gmt":"2024-12-19T19:03:48","slug":"protocolos","status":"publish","type":"page","link":"https:\/\/melizestetica.com.br\/admin\/protocolos\/","title":{"rendered":"Protocolos"},"content":{"rendered":"\n\n  <div class=\"banner has-hover\" id=\"banner-312837171\">\n          <div class=\"banner-inner fill\">\n        <div class=\"banner-bg fill\" >\n            <div class=\"bg fill bg-fill \"><\/div>\n                        <div class=\"overlay\"><\/div>            \n                    <\/div>\n\t\t\n        <div class=\"banner-layers container\">\n            <div class=\"fill banner-link\"><\/div>            \n\n   <div id=\"text-box-615820872\" class=\"text-box banner-layer x50 md-x50 lg-x50 y50 md-y50 lg-y50 res-text\">\n                                <div class=\"text-box-content text dark\">\n              \n              <div class=\"text-inner text-center\">\n                  \n\n\t<div id=\"text-1681284781\" class=\"text\">\n\t\t\n\n<h1>Protocolos<\/h1>\n\t\t\n<style>\n#text-1681284781 {\n  font-size: 1.15rem;\n}\n@media (min-width:550px) {\n  #text-1681284781 {\n    font-size: 1.25rem;\n  }\n}\n<\/style>\n\t<\/div>\n\t\n\n              <\/div>\n           <\/div>\n                            \n<style>\n#text-box-615820872 {\n  width: 100%;\n}\n#text-box-615820872 .text-box-content {\n  font-size: 100%;\n}\n@media (min-width:550px) {\n  #text-box-615820872 {\n    width: 60%;\n  }\n}\n<\/style>\n    <\/div>\n \n\n        <\/div>\n      <\/div>\n\n            \n<style>\n#banner-312837171 {\n  padding-top: 300px;\n}\n#banner-312837171 .bg.bg-loaded {\n  background-image: url(https:\/\/melizestetica.com.br\/admin\/wp-content\/uploads\/2024\/08\/webstories1.png);\n}\n#banner-312837171 .overlay {\n  background-color: rgba(161, 89, 99, 0.14);\n}\n#banner-312837171 .bg {\n  background-position: 0% 51%;\n}\n#banner-312837171 .ux-shape-divider--top svg {\n  height: 150px;\n  --divider-top-width: 100%;\n}\n#banner-312837171 .ux-shape-divider--bottom svg {\n  height: 150px;\n  --divider-width: 100%;\n}\n<\/style>\n  <\/div>\n\n\n\t<section class=\"section\" id=\"section_1347948982\">\n\t\t<div class=\"bg section-bg fill bg-fill  bg-loaded\" >\n\n\t\t\t\n\t\t\t\n\t\t\t\n\n\t\t<\/div>\n\n\t\t\n\n\t\t<div class=\"section-content relative\">\n\t\t\t\n\n<div class=\"row align-center\"  id=\"row-2142927659\">\n\n\n\t<div id=\"col-1485925506\" class=\"col medium-10 small-12 large-10\"  >\n\t\t\t\t<div class=\"col-inner\"  >\n\t\t\t\n\t\t\t\n\n\t<div id=\"gap-582579475\" class=\"gap-element clearfix\" style=\"display:block; height:auto;\">\n\t\t\n<style>\n#gap-582579475 {\n  padding-top: 30px;\n}\n<\/style>\n\t<\/div>\n\t\n\n\t<div id=\"text-309618440\" class=\"text\">\n\t\t\n\n<p>Um protocolo est\u00e9tico \u00e9 um conjunto de procedimentos personalizados para tratar necessidades espec\u00edficas da pele ou do corpo, utilizando t\u00e9cnicas avan\u00e7adas e produtos de alta performance. Cada protocolo \u00e9 cuidadosamente planejado para oferecer resultados eficazes, como rejuvenescimento, hidrata\u00e7\u00e3o, firmeza ou redu\u00e7\u00e3o de medidas. O tratamento \u00e9 adaptado \u00e0s caracter\u00edsticas individuais de cada cliente, garantindo uma abordagem \u00fanica e direcionada. O objetivo \u00e9 proporcionar melhorias vis\u00edveis, sempre priorizando o bem-estar e a autoestima, com resultados naturais e duradouros.<\/p>\n\t\t\n<style>\n#text-309618440 {\n  text-align: center;\n  color: rgb(0,0,0);\n}\n#text-309618440 > * {\n  color: rgb(0,0,0);\n}\n<\/style>\n\t<\/div>\n\t\n\n\t\t<\/div>\n\t\t\t\t\t<\/div>\n\n\t\n\n<\/div>\n\n\t\t<\/div>\n\n\t\t\n<style>\n#section_1347948982 {\n  padding-top: 0px;\n  padding-bottom: 0px;\n}\n#section_1347948982 .ux-shape-divider--top svg {\n  height: 150px;\n  --divider-top-width: 100%;\n}\n#section_1347948982 .ux-shape-divider--bottom svg {\n  height: 150px;\n  --divider-width: 100%;\n}\n<\/style>\n\t<\/section>\n\t\n\t<section class=\"section\" id=\"section_1923457291\">\n\t\t<div class=\"bg section-bg fill bg-fill  bg-loaded\" >\n\n\t\t\t\n\t\t\t\n\t\t\t\n\n\t\t<\/div>\n\n\t\t\n\n\t\t<div class=\"section-content relative\">\n\t\t\t\n\n<div class=\"row\"  id=\"row-1218574789\">\n\n\n\t<div id=\"col-367768119\" class=\"col small-12 large-12\"  >\n\t\t\t\t<div class=\"col-inner text-left\"  >\n\t\t\t\n\t\t\t\n\n\n\t\t<div class=\"icon-box featured-box icon-box-left text-left\"  >\n\t\t\t\t\t<div class=\"icon-box-img\" style=\"width: 60px\">\n\t\t\t\t<div class=\"icon\">\n\t\t\t\t\t<div class=\"icon-inner\" style=\"color:rgb(239, 171, 182);\">\n\t\t\t\t\t\t<img loading=\"lazy\" decoding=\"async\" width=\"300\" height=\"300\" src=\"https:\/\/melizestetica.com.br\/admin\/wp-content\/uploads\/2024\/10\/icon_bemestar-300x300.png\" class=\"attachment-medium size-medium\" alt=\"\" srcset=\"https:\/\/melizestetica.com.br\/admin\/wp-content\/uploads\/2024\/10\/icon_bemestar-300x300.png 300w, https:\/\/melizestetica.com.br\/admin\/wp-content\/uploads\/2024\/10\/icon_bemestar-150x150.png 150w, https:\/\/melizestetica.com.br\/admin\/wp-content\/uploads\/2024\/10\/icon_bemestar.png 512w\" sizes=\"auto, (max-width: 300px) 100vw, 300px\" \/>\t\t\t\t\t<\/div>\n\t\t\t\t<\/div>\n\t\t\t<\/div>\n\t\t\t\t<div class=\"icon-box-text last-reset\">\n\t\t\t\t\t\t\t\t\t\n\n\t<div id=\"text-1165778181\" class=\"text\">\n\t\t\n\n<h3>Protocolo<\/h3>\n\t\t\n<style>\n#text-1165778181 {\n  font-size: 1.75rem;\n  text-align: left;\n  color: #a15963;\n}\n#text-1165778181 > * {\n  color: #a15963;\n}\n<\/style>\n\t<\/div>\n\t\n\n\t\t<\/div>\n\t<\/div>\n\t\n\t\n\n\t\t<\/div>\n\t\t\t\t\t<\/div>\n\n\t\n\n<\/div>\n<div class=\"row\"  id=\"row-1167275775\">\n\n\n\t<div id=\"col-239697380\" class=\"col medium-3 small-12 large-3\"  >\n\t\t\t\t<div class=\"col-inner\"  >\n\t\t\t\n\t\t\t\n\n\t<div class=\"img has-hover imagem-borda x md-x lg-x y md-y lg-y\" id=\"image_372592158\">\n\t\t\t\t\t\t\t\t<div class=\"img-inner image-cover dark\" style=\"padding-top:280px;\">\n\t\t\t<img loading=\"lazy\" decoding=\"async\" width=\"1707\" height=\"2560\" src=\"https:\/\/melizestetica.com.br\/admin\/wp-content\/uploads\/2024\/10\/bumbum-na-nuca-2-scaled.jpg\" class=\"attachment-original size-original\" alt=\"\" srcset=\"https:\/\/melizestetica.com.br\/admin\/wp-content\/uploads\/2024\/10\/bumbum-na-nuca-2-scaled.jpg 1707w, https:\/\/melizestetica.com.br\/admin\/wp-content\/uploads\/2024\/10\/bumbum-na-nuca-2-200x300.jpg 200w, https:\/\/melizestetica.com.br\/admin\/wp-content\/uploads\/2024\/10\/bumbum-na-nuca-2-683x1024.jpg 683w, https:\/\/melizestetica.com.br\/admin\/wp-content\/uploads\/2024\/10\/bumbum-na-nuca-2-768x1152.jpg 768w, https:\/\/melizestetica.com.br\/admin\/wp-content\/uploads\/2024\/10\/bumbum-na-nuca-2-1024x1536.jpg 1024w, https:\/\/melizestetica.com.br\/admin\/wp-content\/uploads\/2024\/10\/bumbum-na-nuca-2-1365x2048.jpg 1365w\" sizes=\"auto, (max-width: 1707px) 100vw, 1707px\" \/>\t\t\t\t\t\t\n\t\t\t\t\t<\/div>\n\t\t\t\t\t\t\t\t\n<style>\n#image_372592158 {\n  width: 100%;\n}\n<\/style>\n\t<\/div>\n\t\n\n\n\t\t<\/div>\n\t\t\t\t\t<\/div>\n\n\t\n\n\t<div id=\"col-198701630\" class=\"col medium-9 small-12 large-9\"  >\n\t\t\t\t<div class=\"col-inner\"  >\n\t\t\t\n\t\t\t\n\n<h1>Bumbum na nuca<\/h1>\n<p><p>O protocolo &#8220;Bumbum na Nuca&#8221; \u00e9 um tratamento est\u00e9tico avan\u00e7ado focado em levantar e tonificar os gl\u00fateos. Atrav\u00e9s de t\u00e9cnicas que combinam ultrassom microfocado, correntes eletroestimuladoras e massagens modeladoras, o protocolo ajuda a estimular a musculatura, melhorar a textura da pele e promover a firmeza da \u00e1rea tratada. Al\u00e9m disso, ele auxilia na quebra de gordura localizada e na produ\u00e7\u00e3o de col\u00e1geno, resultando em um contorno mais definido e uma apar\u00eancia mais elevada e tonificada, sem a necessidade de procedimentos invasivos.<\/p>\n<a class=\"button primary\"  style=\"border-radius:99px;\">\n    <span>Agende sua avalia\u00e7\u00e3o<\/span>\n  <\/a>\n\n\n\n\t\t<\/div>\n\t\t\t\t\t<\/div>\n\n\t\n\n<\/div>\n<div class=\"row\"  id=\"row-901852876\">\n\n\n\t<div id=\"col-1145188985\" class=\"col medium-3 small-12 large-3\"  >\n\t\t\t\t<div class=\"col-inner\"  >\n\t\t\t\n\t\t\t\n\n\t<div class=\"img has-hover imagem-borda x md-x lg-x y md-y lg-y\" id=\"image_2016201146\">\n\t\t\t\t\t\t\t\t<div class=\"img-inner image-cover dark\" style=\"padding-top:280px;\">\n\t\t\t<img loading=\"lazy\" decoding=\"async\" width=\"1707\" height=\"2560\" src=\"https:\/\/melizestetica.com.br\/admin\/wp-content\/uploads\/2024\/10\/bigode-chines-scaled.jpg\" class=\"attachment-original size-original\" alt=\"\" srcset=\"https:\/\/melizestetica.com.br\/admin\/wp-content\/uploads\/2024\/10\/bigode-chines-scaled.jpg 1707w, https:\/\/melizestetica.com.br\/admin\/wp-content\/uploads\/2024\/10\/bigode-chines-200x300.jpg 200w, https:\/\/melizestetica.com.br\/admin\/wp-content\/uploads\/2024\/10\/bigode-chines-683x1024.jpg 683w, https:\/\/melizestetica.com.br\/admin\/wp-content\/uploads\/2024\/10\/bigode-chines-768x1152.jpg 768w, https:\/\/melizestetica.com.br\/admin\/wp-content\/uploads\/2024\/10\/bigode-chines-1024x1536.jpg 1024w, https:\/\/melizestetica.com.br\/admin\/wp-content\/uploads\/2024\/10\/bigode-chines-1365x2048.jpg 1365w\" sizes=\"auto, (max-width: 1707px) 100vw, 1707px\" \/>\t\t\t\t\t\t\n\t\t\t\t\t<\/div>\n\t\t\t\t\t\t\t\t\n<style>\n#image_2016201146 {\n  width: 100%;\n}\n<\/style>\n\t<\/div>\n\t\n\n\n\t\t<\/div>\n\t\t\t\t\t<\/div>\n\n\t\n\n\t<div id=\"col-2083498642\" class=\"col medium-9 small-12 large-9\"  >\n\t\t\t\t<div class=\"col-inner\"  >\n\t\t\t\n\t\t\t\n\n<h1>Bigode Chin\u00eas<\/h1>\n<p>O Bigode Chin\u00eas \u00e9 o nome popular das linhas que se formam entre o canto do nariz e a lateral da boca, causadas pela perda de col\u00e1geno e elasticidade da pele. Para trat\u00e1-lo, s\u00e3o indicados procedimentos est\u00e9ticos como preenchimento com \u00e1cido hialur\u00f4nico, bioestimuladores de col\u00e1geno e tratamentos a laser. Esses tratamentos ajudam a suavizar as marcas, restaurar o volume da pele e melhorar o contorno facial, proporcionando uma apar\u00eancia mais jovem e descansada. Cada protocolo \u00e9 personalizado de acordo com as necessidades da cliente.<\/p>\n<a class=\"button primary\"  style=\"border-radius:99px;\">\n    <span>Agende sua avalia\u00e7\u00e3o<\/span>\n  <\/a>\n\n\n\n\t\t<\/div>\n\t\t\t\t\t<\/div>\n\n\t\n\n<\/div>\n<div class=\"row align-middle\"  id=\"row-59933001\">\n\n\n\t<div id=\"col-22841980\" class=\"col medium-3 small-12 large-3\"  >\n\t\t\t\t<div class=\"col-inner\"  >\n\t\t\t\n\t\t\t\n\n\t<div class=\"img has-hover imagem-borda x md-x lg-x y md-y lg-y\" id=\"image_1042150259\">\n\t\t\t\t\t\t\t\t<div class=\"img-inner image-cover dark\" style=\"padding-top:280px;\">\n\t\t\t<img loading=\"lazy\" decoding=\"async\" width=\"1707\" height=\"2560\" src=\"https:\/\/melizestetica.com.br\/admin\/wp-content\/uploads\/2024\/10\/creative-mirror-background-with-young-woman-scaled.jpg\" class=\"attachment-original size-original\" alt=\"\" srcset=\"https:\/\/melizestetica.com.br\/admin\/wp-content\/uploads\/2024\/10\/creative-mirror-background-with-young-woman-scaled.jpg 1707w, https:\/\/melizestetica.com.br\/admin\/wp-content\/uploads\/2024\/10\/creative-mirror-background-with-young-woman-200x300.jpg 200w, https:\/\/melizestetica.com.br\/admin\/wp-content\/uploads\/2024\/10\/creative-mirror-background-with-young-woman-683x1024.jpg 683w, https:\/\/melizestetica.com.br\/admin\/wp-content\/uploads\/2024\/10\/creative-mirror-background-with-young-woman-768x1152.jpg 768w, https:\/\/melizestetica.com.br\/admin\/wp-content\/uploads\/2024\/10\/creative-mirror-background-with-young-woman-1024x1536.jpg 1024w, https:\/\/melizestetica.com.br\/admin\/wp-content\/uploads\/2024\/10\/creative-mirror-background-with-young-woman-1365x2048.jpg 1365w\" sizes=\"auto, (max-width: 1707px) 100vw, 1707px\" \/>\t\t\t\t\t\t\n\t\t\t\t\t<\/div>\n\t\t\t\t\t\t\t\t\n<style>\n#image_1042150259 {\n  width: 100%;\n}\n<\/style>\n\t<\/div>\n\t\n\n\n\t\t<\/div>\n\t\t\t\t\t<\/div>\n\n\t\n\n\t<div id=\"col-740112194\" class=\"col medium-9 small-12 large-9\"  >\n\t\t\t\t<div class=\"col-inner\"  >\n\t\t\t\n\t\t\t\n\n<h1>Rejuvenescimento<\/h1>\n<p>A hidrata\u00e7\u00e3o da pele \u00e9 essencial para manter sua sa\u00fade e beleza, pois rep\u00f5e a umidade perdida e refor\u00e7a a barreira de prote\u00e7\u00e3o natural. Tratamentos de hidrata\u00e7\u00e3o profunda utilizam ativos como \u00e1cido hialur\u00f4nico, vitaminas e nutrientes que penetram nas camadas da pele, garantindo uma textura macia, radiante e firme. Al\u00e9m de prevenir o envelhecimento precoce, esses tratamentos devolvem o vi\u00e7o e a elasticidade, deixando a pele revitalizada e protegida contra agress\u00f5es externas. A hidrata\u00e7\u00e3o \u00e9 fundamental para um cuidado di\u00e1rio completo e eficaz.<\/p>\n<a class=\"button primary\"  style=\"border-radius:99px;\">\n    <span>Agende sua avalia\u00e7\u00e3o<\/span>\n  <\/a>\n\n\n\n\t\t<\/div>\n\t\t\t\t\t<\/div>\n\n\t\n\n<\/div>\n<div class=\"row\"  id=\"row-100146642\">\n\n\n\t<div id=\"col-20787566\" class=\"col medium-3 small-12 large-3\"  >\n\t\t\t\t<div class=\"col-inner\"  >\n\t\t\t\n\t\t\t\n\n\t<div class=\"img has-hover imagem-borda x md-x lg-x y md-y lg-y\" id=\"image_651055690\">\n\t\t\t\t\t\t\t\t<div class=\"img-inner image-cover dark\" style=\"padding-top:280px;\">\n\t\t\t<img loading=\"lazy\" decoding=\"async\" width=\"1706\" height=\"2560\" src=\"https:\/\/melizestetica.com.br\/admin\/wp-content\/uploads\/2024\/10\/hidratacao-1-scaled.jpg\" class=\"attachment-original size-original\" alt=\"\" srcset=\"https:\/\/melizestetica.com.br\/admin\/wp-content\/uploads\/2024\/10\/hidratacao-1-scaled.jpg 1706w, https:\/\/melizestetica.com.br\/admin\/wp-content\/uploads\/2024\/10\/hidratacao-1-200x300.jpg 200w, https:\/\/melizestetica.com.br\/admin\/wp-content\/uploads\/2024\/10\/hidratacao-1-683x1024.jpg 683w, https:\/\/melizestetica.com.br\/admin\/wp-content\/uploads\/2024\/10\/hidratacao-1-768x1152.jpg 768w, https:\/\/melizestetica.com.br\/admin\/wp-content\/uploads\/2024\/10\/hidratacao-1-1024x1536.jpg 1024w, https:\/\/melizestetica.com.br\/admin\/wp-content\/uploads\/2024\/10\/hidratacao-1-1365x2048.jpg 1365w\" sizes=\"auto, (max-width: 1706px) 100vw, 1706px\" \/>\t\t\t\t\t\t\n\t\t\t\t\t<\/div>\n\t\t\t\t\t\t\t\t\n<style>\n#image_651055690 {\n  width: 100%;\n}\n<\/style>\n\t<\/div>\n\t\n\n\n\t\t<\/div>\n\t\t\t\t\t<\/div>\n\n\t\n\n\t<div id=\"col-83147584\" class=\"col medium-9 small-12 large-9\"  >\n\t\t\t\t<div class=\"col-inner\"  >\n\t\t\t\n\t\t\t\n\n<h1>Hidrata\u00e7\u00e3o<\/h1>\n<p>A hidrata\u00e7\u00e3o da pele \u00e9 essencial para manter sua sa\u00fade e beleza, pois rep\u00f5e a umidade perdida e refor\u00e7a a barreira de prote\u00e7\u00e3o natural. Tratamentos de hidrata\u00e7\u00e3o profunda utilizam ativos como \u00e1cido hialur\u00f4nico, vitaminas e nutrientes que penetram nas camadas da pele, garantindo uma textura macia, radiante e firme. Al\u00e9m de prevenir o envelhecimento precoce, esses tratamentos devolvem o vi\u00e7o e a elasticidade, deixando a pele revitalizada e protegida contra agress\u00f5es externas. A hidrata\u00e7\u00e3o \u00e9 fundamental para um cuidado di\u00e1rio completo e eficaz.<\/p>\n<a class=\"button primary\"  style=\"border-radius:99px;\">\n    <span>Agende sua avalia\u00e7\u00e3o<\/span>\n  <\/a>\n\n\n\n\t\t<\/div>\n\t\t\t\t\t<\/div>\n\n\t\n\n<\/div>\n<div class=\"row\"  id=\"row-1913037922\">\n\n\n\t<div id=\"col-1071591739\" class=\"col medium-3 small-12 large-3\"  >\n\t\t\t\t<div class=\"col-inner\"  >\n\t\t\t\n\t\t\t\n\n\t<div class=\"img has-hover imagem-borda x md-x lg-x y md-y lg-y\" id=\"image_805325757\">\n\t\t\t\t\t\t\t\t<div class=\"img-inner image-cover dark\" style=\"padding-top:280px;\">\n\t\t\t<img loading=\"lazy\" decoding=\"async\" width=\"1706\" height=\"2560\" src=\"https:\/\/melizestetica.com.br\/admin\/wp-content\/uploads\/2024\/10\/manchas-da-pele-scaled.jpg\" class=\"attachment-original size-original\" alt=\"\" srcset=\"https:\/\/melizestetica.com.br\/admin\/wp-content\/uploads\/2024\/10\/manchas-da-pele-scaled.jpg 1706w, https:\/\/melizestetica.com.br\/admin\/wp-content\/uploads\/2024\/10\/manchas-da-pele-200x300.jpg 200w, https:\/\/melizestetica.com.br\/admin\/wp-content\/uploads\/2024\/10\/manchas-da-pele-683x1024.jpg 683w, https:\/\/melizestetica.com.br\/admin\/wp-content\/uploads\/2024\/10\/manchas-da-pele-768x1152.jpg 768w, https:\/\/melizestetica.com.br\/admin\/wp-content\/uploads\/2024\/10\/manchas-da-pele-1024x1536.jpg 1024w, https:\/\/melizestetica.com.br\/admin\/wp-content\/uploads\/2024\/10\/manchas-da-pele-1365x2048.jpg 1365w\" sizes=\"auto, (max-width: 1706px) 100vw, 1706px\" \/>\t\t\t\t\t\t\n\t\t\t\t\t<\/div>\n\t\t\t\t\t\t\t\t\n<style>\n#image_805325757 {\n  width: 100%;\n}\n<\/style>\n\t<\/div>\n\t\n\n\n\t\t<\/div>\n\t\t\t\t\t<\/div>\n\n\t\n\n\t<div id=\"col-1618417576\" class=\"col medium-9 small-12 large-9\"  >\n\t\t\t\t<div class=\"col-inner\"  >\n\t\t\t\n\t\t\t\n\n<h1>Manchas de pele<\/h1>\n<p>As manchas na pele podem ser causadas por diversos fatores, como exposi\u00e7\u00e3o solar, envelhecimento, altera\u00e7\u00f5es hormonais e inflama\u00e7\u00f5es. Para trat\u00e1-las, a est\u00e9tica oferece uma variedade de protocolos que ajudam a uniformizar o tom da pele, como peelings qu\u00edmicos, laser, luz pulsada e microagulhamento. Esses procedimentos atuam na renova\u00e7\u00e3o celular, promovendo a remo\u00e7\u00e3o das camadas superficiais da pele e estimulando a produ\u00e7\u00e3o de col\u00e1geno. O resultado \u00e9 uma pele mais uniforme, radiante e rejuvenescida, com redu\u00e7\u00e3o significativa das manchas.<\/p>\n<a class=\"button primary\"  style=\"border-radius:99px;\">\n    <span>Agende sua avalia\u00e7\u00e3o<\/span>\n  <\/a>\n\n\n\n\t\t<\/div>\n\t\t\t\t\t<\/div>\n\n\t\n\n<\/div>\n\n\t\t<\/div>\n\n\t\t\n<style>\n#section_1923457291 {\n  padding-top: 0px;\n  padding-bottom: 0px;\n}\n#section_1923457291 .ux-shape-divider--top svg {\n  height: 150px;\n  --divider-top-width: 100%;\n}\n#section_1923457291 .ux-shape-divider--bottom svg {\n  height: 150px;\n  --divider-width: 100%;\n}\n<\/style>\n\t<\/section>\n\t\n\n","protected":false},"excerpt":{"rendered":"","protected":false},"author":1,"featured_media":0,"parent":0,"menu_order":0,"comment_status":"closed","ping_status":"closed","template":"page-blank.php","meta":{"footnotes":""},"class_list":["post-198","page","type-page","status-publish","hentry"],"_links":{"self":[{"href":"https:\/\/melizestetica.com.br\/admin\/wp-json\/wp\/v2\/pages\/198","targetHints":{"allow":["GET"]}}],"collection":[{"href":"https:\/\/melizestetica.com.br\/admin\/wp-json\/wp\/v2\/pages"}],"about":[{"href":"https:\/\/melizestetica.com.br\/admin\/wp-json\/wp\/v2\/types\/page"}],"author":[{"embeddable":true,"href":"https:\/\/melizestetica.com.br\/admin\/wp-json\/wp\/v2\/users\/1"}],"replies":[{"embeddable":true,"href":"https:\/\/melizestetica.com.br\/admin\/wp-json\/wp\/v2\/comments?post=198"}],"version-history":[{"count":23,"href":"https:\/\/melizestetica.com.br\/admin\/wp-json\/wp\/v2\/pages\/198\/revisions"}],"predecessor-version":[{"id":833,"href":"https:\/\/melizestetica.com.br\/admin\/wp-json\/wp\/v2\/pages\/198\/revisions\/833"}],"wp:attachment":[{"href":"https:\/\/melizestetica.com.br\/admin\/wp-json\/wp\/v2\/media?parent=198"}],"curies":[{"name":"wp","href":"https:\/\/api.w.org\/{rel}","templated":true}]}}