{"id":192,"date":"2024-09-23T17:55:53","date_gmt":"2024-09-23T17:55:53","guid":{"rendered":"https:\/\/melizestetica.com.br\/admin\/?page_id=192"},"modified":"2024-12-18T19:24:26","modified_gmt":"2024-12-18T19:24:26","slug":"blog","status":"publish","type":"page","link":"https:\/\/melizestetica.com.br\/admin\/blog\/","title":{"rendered":"Blog"},"content":{"rendered":"\n\n  <div class=\"banner has-hover\" id=\"banner-896613749\">\n          <div class=\"banner-inner fill\">\n        <div class=\"banner-bg fill\" >\n            <div class=\"bg fill bg-fill \"><\/div>\n                        <div class=\"overlay\"><\/div>            \n                    <\/div>\n\t\t\n        <div class=\"banner-layers container\">\n            <div class=\"fill banner-link\"><\/div>            \n\n   <div id=\"text-box-1359028069\" class=\"text-box banner-layer x50 md-x50 lg-x50 y50 md-y50 lg-y50 res-text\">\n                                <div class=\"text-box-content text dark\">\n              \n              <div class=\"text-inner text-center\">\n                  \n\n\t<div id=\"text-1001859116\" class=\"text\">\n\t\t\n\n<h1>Blog<\/h1>\n\t\t\n<style>\n#text-1001859116 {\n  font-size: 1.25rem;\n}\n<\/style>\n\t<\/div>\n\t\n\n              <\/div>\n           <\/div>\n                            \n<style>\n#text-box-1359028069 {\n  width: 60%;\n}\n#text-box-1359028069 .text-box-content {\n  font-size: 100%;\n}\n<\/style>\n    <\/div>\n \n\n        <\/div>\n      <\/div>\n\n            \n<style>\n#banner-896613749 {\n  padding-top: 300px;\n}\n#banner-896613749 .bg.bg-loaded {\n  background-image: url(https:\/\/melizestetica.com.br\/admin\/wp-content\/uploads\/2024\/08\/webstories3.png);\n}\n#banner-896613749 .overlay {\n  background-color: rgba(161, 89, 99, 0.14);\n}\n#banner-896613749 .bg {\n  background-position: 2% 47%;\n}\n#banner-896613749 .ux-shape-divider--top svg {\n  height: 150px;\n  --divider-top-width: 100%;\n}\n#banner-896613749 .ux-shape-divider--bottom svg {\n  height: 150px;\n  --divider-width: 100%;\n}\n<\/style>\n  <\/div>\n\n\n\t<section class=\"section\" id=\"section_1742865556\">\n\t\t<div class=\"bg section-bg fill bg-fill  bg-loaded\" >\n\n\t\t\t\n\t\t\t\n\t\t\t\n\n\t\t<\/div>\n\n\t\t\n\n\t\t<div class=\"section-content relative\">\n\t\t\t\n\n<div class=\"row align-center\"  id=\"row-2145856508\">\n\n\n\t<div id=\"col-2031033983\" class=\"col small-12 large-12\"  >\n\t\t\t\t<div class=\"col-inner\"  >\n\t\t\t\n\t\t\t\n\n\t<div id=\"gap-1948360269\" class=\"gap-element clearfix\" style=\"display:block; height:auto;\">\n\t\t\n<style>\n#gap-1948360269 {\n  padding-top: 30px;\n}\n<\/style>\n\t<\/div>\n\t\n\n\t<div id=\"text-864046805\" class=\"text\">\n\t\t\n\n<h1>\u00daltimas not\u00edcias e artigos<\/h1>\n\t\t\n<style>\n#text-864046805 {\n  font-size: 1.5rem;\n  text-align: center;\n  color: #a15963;\n}\n#text-864046805 > * {\n  color: #a15963;\n}\n<\/style>\n\t<\/div>\n\t\n\n  \n    <div class=\"row large-columns-3 medium-columns-1 small-columns-1 slider row-slider slider-nav-simple slider-nav-push\"  data-flickity-options='{\"imagesLoaded\": true, \"groupCells\": \"100%\", \"dragThreshold\" : 5, \"cellAlign\": \"left\",\"wrapAround\": true,\"prevNextButtons\": true,\"percentPosition\": true,\"pageDots\": true, \"rightToLeft\": false, \"autoPlay\" : 5000}'>\n\n  <div class=\"col post-item\" >\n\t\t\t<div class=\"col-inner\">\n\t\t\t<a href=\"https:\/\/melizestetica.com.br\/admin\/2024\/10\/07\/limpeza-de-pele\/\" class=\"plain\">\n\t\t\t\t<div class=\"box box-normal box-text-bottom box-blog-post has-hover\">\n            \t\t\t\t\t<div class=\"box-image\" >\n  \t\t\t\t\t\t<div class=\"image-cover\" style=\"padding-top:56.25%;\">\n  \t\t\t\t\t\t\t<img loading=\"lazy\" decoding=\"async\" width=\"2560\" height=\"1707\" src=\"https:\/\/melizestetica.com.br\/admin\/wp-content\/uploads\/2024\/09\/limpeza-de-pele-scaled.jpg\" class=\"attachment-original size-original wp-post-image\" alt=\"\" srcset=\"https:\/\/melizestetica.com.br\/admin\/wp-content\/uploads\/2024\/09\/limpeza-de-pele-scaled.jpg 2560w, https:\/\/melizestetica.com.br\/admin\/wp-content\/uploads\/2024\/09\/limpeza-de-pele-300x200.jpg 300w, https:\/\/melizestetica.com.br\/admin\/wp-content\/uploads\/2024\/09\/limpeza-de-pele-1024x683.jpg 1024w, https:\/\/melizestetica.com.br\/admin\/wp-content\/uploads\/2024\/09\/limpeza-de-pele-768x512.jpg 768w, https:\/\/melizestetica.com.br\/admin\/wp-content\/uploads\/2024\/09\/limpeza-de-pele-1536x1024.jpg 1536w, https:\/\/melizestetica.com.br\/admin\/wp-content\/uploads\/2024\/09\/limpeza-de-pele-2048x1365.jpg 2048w\" sizes=\"auto, (max-width: 2560px) 100vw, 2560px\" \/>  \t\t\t\t\t\t\t  \t\t\t\t\t\t\t  \t\t\t\t\t\t<\/div>\n  \t\t\t\t\t\t  \t\t\t\t\t<\/div>\n          \t\t\t\t\t<div class=\"box-text text-center\" style=\"background-color:rgba(255, 255, 255, 0);\">\n\t\t\t\t\t<div class=\"box-text-inner blog-post-inner\">\n\n\t\t\t\t\t\n\t\t\t\t\t\t\t\t\t\t<h5 class=\"post-title is-large \">Limpeza de pele<\/h5>\n\t\t\t\t\t\t\t\t\t\t<div class=\"is-divider\"><\/div>\n\t\t\t\t\t                    \n\t\t\t\t\t\t\t\t\t\t\t<button href=\"https:\/\/melizestetica.com.br\/admin\/2024\/10\/07\/limpeza-de-pele\/\" class=\"button primary is-outline is-small mb-0\">\n\t\t\t\t\t\t\tSaiba mais\t\t\t\t\t\t<\/button>\n\t\t\t\t\t\n\t\t\t\t\t\n\t\t\t\t\t<\/div>\n\t\t\t\t\t<\/div>\n\t\t\t\t\t\t\t\t\t<\/div>\n\t\t\t\t<\/a>\n\t\t\t<\/div>\n\t\t<\/div><div class=\"col post-item\" >\n\t\t\t<div class=\"col-inner\">\n\t\t\t<a href=\"https:\/\/melizestetica.com.br\/admin\/2024\/09\/23\/estetica-avancada-solucoes-inovadoras-para-resultados-reais\/\" class=\"plain\">\n\t\t\t\t<div class=\"box box-normal box-text-bottom box-blog-post has-hover\">\n            \t\t\t\t\t<div class=\"box-image\" >\n  \t\t\t\t\t\t<div class=\"image-cover\" style=\"padding-top:56.25%;\">\n  \t\t\t\t\t\t\t<img loading=\"lazy\" decoding=\"async\" width=\"1500\" height=\"1000\" src=\"https:\/\/melizestetica.com.br\/admin\/wp-content\/uploads\/2023\/07\/retrato-de-mulher-retocado-antes-e-depois-e1689428744347.jpg\" class=\"attachment-original size-original wp-post-image\" alt=\"\" srcset=\"https:\/\/melizestetica.com.br\/admin\/wp-content\/uploads\/2023\/07\/retrato-de-mulher-retocado-antes-e-depois-e1689428744347.jpg 1500w, https:\/\/melizestetica.com.br\/admin\/wp-content\/uploads\/2023\/07\/retrato-de-mulher-retocado-antes-e-depois-e1689428744347-300x200.jpg 300w, https:\/\/melizestetica.com.br\/admin\/wp-content\/uploads\/2023\/07\/retrato-de-mulher-retocado-antes-e-depois-e1689428744347-1024x683.jpg 1024w, https:\/\/melizestetica.com.br\/admin\/wp-content\/uploads\/2023\/07\/retrato-de-mulher-retocado-antes-e-depois-e1689428744347-768x512.jpg 768w\" sizes=\"auto, (max-width: 1500px) 100vw, 1500px\" \/>  \t\t\t\t\t\t\t  \t\t\t\t\t\t\t  \t\t\t\t\t\t<\/div>\n  \t\t\t\t\t\t  \t\t\t\t\t<\/div>\n          \t\t\t\t\t<div class=\"box-text text-center\" style=\"background-color:rgba(255, 255, 255, 0);\">\n\t\t\t\t\t<div class=\"box-text-inner blog-post-inner\">\n\n\t\t\t\t\t\n\t\t\t\t\t\t\t\t\t\t<h5 class=\"post-title is-large \">Est\u00e9tica Avan\u00e7ada: Solu\u00e7\u00f5es Inovadoras para Resultados Reais<\/h5>\n\t\t\t\t\t\t\t\t\t\t<div class=\"is-divider\"><\/div>\n\t\t\t\t\t                    \n\t\t\t\t\t\t\t\t\t\t\t<button href=\"https:\/\/melizestetica.com.br\/admin\/2024\/09\/23\/estetica-avancada-solucoes-inovadoras-para-resultados-reais\/\" class=\"button primary is-outline is-small mb-0\">\n\t\t\t\t\t\t\tSaiba mais\t\t\t\t\t\t<\/button>\n\t\t\t\t\t\n\t\t\t\t\t\n\t\t\t\t\t<\/div>\n\t\t\t\t\t<\/div>\n\t\t\t\t\t\t\t\t\t<\/div>\n\t\t\t\t<\/a>\n\t\t\t<\/div>\n\t\t<\/div><div class=\"col post-item\" >\n\t\t\t<div class=\"col-inner\">\n\t\t\t<a href=\"https:\/\/melizestetica.com.br\/admin\/2024\/09\/23\/tecnologia-a-servico-da-beleza\/\" class=\"plain\">\n\t\t\t\t<div class=\"box box-normal box-text-bottom box-blog-post has-hover\">\n            \t\t\t\t\t<div class=\"box-image\" >\n  \t\t\t\t\t\t<div class=\"image-cover\" style=\"padding-top:56.25%;\">\n  \t\t\t\t\t\t\t<img loading=\"lazy\" decoding=\"async\" width=\"2048\" height=\"2048\" src=\"https:\/\/melizestetica.com.br\/admin\/wp-content\/uploads\/2024\/08\/webstories3.png\" class=\"attachment-original size-original wp-post-image\" alt=\"\" srcset=\"https:\/\/melizestetica.com.br\/admin\/wp-content\/uploads\/2024\/08\/webstories3.png 2048w, https:\/\/melizestetica.com.br\/admin\/wp-content\/uploads\/2024\/08\/webstories3-300x300.png 300w, https:\/\/melizestetica.com.br\/admin\/wp-content\/uploads\/2024\/08\/webstories3-1024x1024.png 1024w, https:\/\/melizestetica.com.br\/admin\/wp-content\/uploads\/2024\/08\/webstories3-150x150.png 150w, https:\/\/melizestetica.com.br\/admin\/wp-content\/uploads\/2024\/08\/webstories3-768x768.png 768w, https:\/\/melizestetica.com.br\/admin\/wp-content\/uploads\/2024\/08\/webstories3-1536x1536.png 1536w\" sizes=\"auto, (max-width: 2048px) 100vw, 2048px\" \/>  \t\t\t\t\t\t\t  \t\t\t\t\t\t\t  \t\t\t\t\t\t<\/div>\n  \t\t\t\t\t\t  \t\t\t\t\t<\/div>\n          \t\t\t\t\t<div class=\"box-text text-center\" style=\"background-color:rgba(255, 255, 255, 0);\">\n\t\t\t\t\t<div class=\"box-text-inner blog-post-inner\">\n\n\t\t\t\t\t\n\t\t\t\t\t\t\t\t\t\t<h5 class=\"post-title is-large \">Tecnologia a Servi\u00e7o da Beleza<\/h5>\n\t\t\t\t\t\t\t\t\t\t<div class=\"is-divider\"><\/div>\n\t\t\t\t\t                    \n\t\t\t\t\t\t\t\t\t\t\t<button href=\"https:\/\/melizestetica.com.br\/admin\/2024\/09\/23\/tecnologia-a-servico-da-beleza\/\" class=\"button primary is-outline is-small mb-0\">\n\t\t\t\t\t\t\tSaiba mais\t\t\t\t\t\t<\/button>\n\t\t\t\t\t\n\t\t\t\t\t\n\t\t\t\t\t<\/div>\n\t\t\t\t\t<\/div>\n\t\t\t\t\t\t\t\t\t<\/div>\n\t\t\t\t<\/a>\n\t\t\t<\/div>\n\t\t<\/div><div class=\"col post-item\" >\n\t\t\t<div class=\"col-inner\">\n\t\t\t<a href=\"https:\/\/melizestetica.com.br\/admin\/2023\/07\/15\/hello-world\/\" class=\"plain\">\n\t\t\t\t<div class=\"box box-normal box-text-bottom box-blog-post has-hover\">\n            \t\t\t\t\t<div class=\"box-image\" >\n  \t\t\t\t\t\t<div class=\"image-cover\" style=\"padding-top:56.25%;\">\n  \t\t\t\t\t\t\t<img loading=\"lazy\" decoding=\"async\" width=\"1500\" height=\"1000\" src=\"https:\/\/melizestetica.com.br\/admin\/wp-content\/uploads\/2023\/07\/mulher-com-uma-cicatriz-no-ombro.jpg\" class=\"attachment-original size-original wp-post-image\" alt=\"\" srcset=\"https:\/\/melizestetica.com.br\/admin\/wp-content\/uploads\/2023\/07\/mulher-com-uma-cicatriz-no-ombro.jpg 1500w, https:\/\/melizestetica.com.br\/admin\/wp-content\/uploads\/2023\/07\/mulher-com-uma-cicatriz-no-ombro-300x200.jpg 300w, https:\/\/melizestetica.com.br\/admin\/wp-content\/uploads\/2023\/07\/mulher-com-uma-cicatriz-no-ombro-1024x683.jpg 1024w, https:\/\/melizestetica.com.br\/admin\/wp-content\/uploads\/2023\/07\/mulher-com-uma-cicatriz-no-ombro-768x512.jpg 768w\" sizes=\"auto, (max-width: 1500px) 100vw, 1500px\" \/>  \t\t\t\t\t\t\t  \t\t\t\t\t\t\t  \t\t\t\t\t\t<\/div>\n  \t\t\t\t\t\t  \t\t\t\t\t<\/div>\n          \t\t\t\t\t<div class=\"box-text text-center\" style=\"background-color:rgba(255, 255, 255, 0);\">\n\t\t\t\t\t<div class=\"box-text-inner blog-post-inner\">\n\n\t\t\t\t\t\n\t\t\t\t\t\t\t\t\t\t<h5 class=\"post-title is-large \">O Poder do Autocuidado no Aumento do Bem-Estar<\/h5>\n\t\t\t\t\t\t\t\t\t\t<div class=\"is-divider\"><\/div>\n\t\t\t\t\t                    \n\t\t\t\t\t\t\t\t\t\t\t<button href=\"https:\/\/melizestetica.com.br\/admin\/2023\/07\/15\/hello-world\/\" class=\"button primary is-outline is-small mb-0\">\n\t\t\t\t\t\t\tSaiba mais\t\t\t\t\t\t<\/button>\n\t\t\t\t\t\n\t\t\t\t\t\n\t\t\t\t\t<\/div>\n\t\t\t\t\t<\/div>\n\t\t\t\t\t\t\t\t\t<\/div>\n\t\t\t\t<\/a>\n\t\t\t<\/div>\n\t\t<\/div><\/div>\n\n<div class=\"row\"  id=\"row-411720970\">\n\n\n\t<div id=\"col-247281208\" class=\"col medium-4 small-12 large-4\"  >\n\t\t\t\t<div class=\"col-inner\"  >\n\t\t\t\n\t\t\t\n\n<ul class=\"sidebar-wrapper ul-reset sidebar-blog widgets-framed\"><aside id=\"block-2\" class=\"widget widget_block widget_search\"><form role=\"search\" method=\"get\" action=\"https:\/\/melizestetica.com.br\/admin\/\" class=\"wp-block-search__button-outside wp-block-search__text-button wp-block-search\"    ><label class=\"wp-block-search__label\" for=\"wp-block-search__input-1\" >Pesquisar<\/label><div class=\"wp-block-search__inside-wrapper\" ><input class=\"wp-block-search__input\" id=\"wp-block-search__input-1\" placeholder=\"\" value=\"\" type=\"search\" name=\"s\" required \/><button aria-label=\"Pesquisar\" class=\"wp-block-search__button wp-element-button\" type=\"submit\" >Pesquisar<\/button><\/div><\/form><\/aside><aside id=\"block-3\" class=\"widget widget_block\"><div class=\"wp-block-group\"><div class=\"wp-block-group__inner-container is-layout-flow wp-block-group-is-layout-flow\"><h2 class=\"wp-block-heading\">Recente<\/h2><ul class=\"wp-block-latest-posts__list wp-block-latest-posts\"><li><a class=\"wp-block-latest-posts__post-title\" href=\"https:\/\/melizestetica.com.br\/admin\/2024\/10\/07\/limpeza-de-pele\/\">Limpeza de pele<\/a><\/li>\n<li><a class=\"wp-block-latest-posts__post-title\" href=\"https:\/\/melizestetica.com.br\/admin\/2024\/09\/23\/estetica-avancada-solucoes-inovadoras-para-resultados-reais\/\">Est\u00e9tica Avan\u00e7ada: Solu\u00e7\u00f5es Inovadoras para Resultados Reais<\/a><\/li>\n<li><a class=\"wp-block-latest-posts__post-title\" href=\"https:\/\/melizestetica.com.br\/admin\/2024\/09\/23\/tecnologia-a-servico-da-beleza\/\">Tecnologia a Servi\u00e7o da Beleza<\/a><\/li>\n<li><a class=\"wp-block-latest-posts__post-title\" href=\"https:\/\/melizestetica.com.br\/admin\/2023\/07\/15\/hello-world\/\">O Poder do Autocuidado no Aumento do Bem-Estar<\/a><\/li>\n<\/ul><\/div><\/div><\/aside><\/ul>\n\n\n\t\t<\/div>\n\t\t\t\t\t<\/div>\n\n\t\n\n\t<div id=\"col-2092695110\" class=\"col medium-8 small-12 large-8\"  >\n\t\t\t\t<div class=\"col-inner\"  >\n\t\t\t\n\t\t\t\n\n\n  \n    <div class=\"row large-columns-2 medium-columns-1 small-columns-1\">\n  <div class=\"col post-item\" >\n\t\t\t<div class=\"col-inner\">\n\t\t\t<a href=\"https:\/\/melizestetica.com.br\/admin\/2024\/10\/07\/limpeza-de-pele\/\" class=\"plain\">\n\t\t\t\t<div class=\"box box-normal box-text-bottom box-blog-post has-hover\">\n            \t\t\t\t\t<div class=\"box-image\" >\n  \t\t\t\t\t\t<div class=\"image-cover\" style=\"padding-top:56.25%;\">\n  \t\t\t\t\t\t\t<img loading=\"lazy\" decoding=\"async\" width=\"300\" height=\"200\" src=\"https:\/\/melizestetica.com.br\/admin\/wp-content\/uploads\/2024\/09\/limpeza-de-pele-300x200.jpg\" class=\"attachment-medium size-medium wp-post-image\" alt=\"\" srcset=\"https:\/\/melizestetica.com.br\/admin\/wp-content\/uploads\/2024\/09\/limpeza-de-pele-300x200.jpg 300w, https:\/\/melizestetica.com.br\/admin\/wp-content\/uploads\/2024\/09\/limpeza-de-pele-1024x683.jpg 1024w, https:\/\/melizestetica.com.br\/admin\/wp-content\/uploads\/2024\/09\/limpeza-de-pele-768x512.jpg 768w, https:\/\/melizestetica.com.br\/admin\/wp-content\/uploads\/2024\/09\/limpeza-de-pele-1536x1024.jpg 1536w, https:\/\/melizestetica.com.br\/admin\/wp-content\/uploads\/2024\/09\/limpeza-de-pele-2048x1365.jpg 2048w\" sizes=\"auto, (max-width: 300px) 100vw, 300px\" \/>  \t\t\t\t\t\t\t  \t\t\t\t\t\t\t  \t\t\t\t\t\t<\/div>\n  \t\t\t\t\t\t  \t\t\t\t\t<\/div>\n          \t\t\t\t\t<div class=\"box-text text-center\" >\n\t\t\t\t\t<div class=\"box-text-inner blog-post-inner\">\n\n\t\t\t\t\t\n\t\t\t\t\t\t\t\t\t\t<h5 class=\"post-title is-large \">Limpeza de pele<\/h5>\n\t\t\t\t\t\t\t\t\t\t<div class=\"is-divider\"><\/div>\n\t\t\t\t\t\t\t\t\t\t<p class=\"from_the_blog_excerpt \">Limpeza de Pele: Um Ritual de Cuidado e Bem-Estar A limpeza de pele \u00e9 um [...]\t\t\t\t\t<\/p>\n\t\t\t\t\t                    \n\t\t\t\t\t\n\t\t\t\t\t\n\t\t\t\t\t<\/div>\n\t\t\t\t\t<\/div>\n\t\t\t\t\t\t\t\t\t<\/div>\n\t\t\t\t<\/a>\n\t\t\t<\/div>\n\t\t<\/div><div class=\"col post-item\" >\n\t\t\t<div class=\"col-inner\">\n\t\t\t<a href=\"https:\/\/melizestetica.com.br\/admin\/2024\/09\/23\/estetica-avancada-solucoes-inovadoras-para-resultados-reais\/\" class=\"plain\">\n\t\t\t\t<div class=\"box box-normal box-text-bottom box-blog-post has-hover\">\n            \t\t\t\t\t<div class=\"box-image\" >\n  \t\t\t\t\t\t<div class=\"image-cover\" style=\"padding-top:56.25%;\">\n  \t\t\t\t\t\t\t<img loading=\"lazy\" decoding=\"async\" width=\"300\" height=\"200\" src=\"https:\/\/melizestetica.com.br\/admin\/wp-content\/uploads\/2023\/07\/retrato-de-mulher-retocado-antes-e-depois-e1689428744347-300x200.jpg\" class=\"attachment-medium size-medium wp-post-image\" alt=\"\" srcset=\"https:\/\/melizestetica.com.br\/admin\/wp-content\/uploads\/2023\/07\/retrato-de-mulher-retocado-antes-e-depois-e1689428744347-300x200.jpg 300w, https:\/\/melizestetica.com.br\/admin\/wp-content\/uploads\/2023\/07\/retrato-de-mulher-retocado-antes-e-depois-e1689428744347-1024x683.jpg 1024w, https:\/\/melizestetica.com.br\/admin\/wp-content\/uploads\/2023\/07\/retrato-de-mulher-retocado-antes-e-depois-e1689428744347-768x512.jpg 768w, https:\/\/melizestetica.com.br\/admin\/wp-content\/uploads\/2023\/07\/retrato-de-mulher-retocado-antes-e-depois-e1689428744347.jpg 1500w\" sizes=\"auto, (max-width: 300px) 100vw, 300px\" \/>  \t\t\t\t\t\t\t  \t\t\t\t\t\t\t  \t\t\t\t\t\t<\/div>\n  \t\t\t\t\t\t  \t\t\t\t\t<\/div>\n          \t\t\t\t\t<div class=\"box-text text-center\" >\n\t\t\t\t\t<div class=\"box-text-inner blog-post-inner\">\n\n\t\t\t\t\t\n\t\t\t\t\t\t\t\t\t\t<h5 class=\"post-title is-large \">Est\u00e9tica Avan\u00e7ada: Solu\u00e7\u00f5es Inovadoras para Resultados Reais<\/h5>\n\t\t\t\t\t\t\t\t\t\t<div class=\"is-divider\"><\/div>\n\t\t\t\t\t\t\t\t\t\t<p class=\"from_the_blog_excerpt \">A est\u00e9tica avan\u00e7ada traz solu\u00e7\u00f5es que v\u00e3o al\u00e9m dos tratamentos convencionais, utilizando equipamentos de alta [...]\t\t\t\t\t<\/p>\n\t\t\t\t\t                    \n\t\t\t\t\t\n\t\t\t\t\t\n\t\t\t\t\t<\/div>\n\t\t\t\t\t<\/div>\n\t\t\t\t\t\t\t\t\t<\/div>\n\t\t\t\t<\/a>\n\t\t\t<\/div>\n\t\t<\/div><div class=\"col post-item\" >\n\t\t\t<div class=\"col-inner\">\n\t\t\t<a href=\"https:\/\/melizestetica.com.br\/admin\/2024\/09\/23\/tecnologia-a-servico-da-beleza\/\" class=\"plain\">\n\t\t\t\t<div class=\"box box-normal box-text-bottom box-blog-post has-hover\">\n            \t\t\t\t\t<div class=\"box-image\" >\n  \t\t\t\t\t\t<div class=\"image-cover\" style=\"padding-top:56.25%;\">\n  \t\t\t\t\t\t\t<img loading=\"lazy\" decoding=\"async\" width=\"300\" height=\"300\" src=\"https:\/\/melizestetica.com.br\/admin\/wp-content\/uploads\/2024\/08\/webstories3-300x300.png\" class=\"attachment-medium size-medium wp-post-image\" alt=\"\" srcset=\"https:\/\/melizestetica.com.br\/admin\/wp-content\/uploads\/2024\/08\/webstories3-300x300.png 300w, https:\/\/melizestetica.com.br\/admin\/wp-content\/uploads\/2024\/08\/webstories3-1024x1024.png 1024w, https:\/\/melizestetica.com.br\/admin\/wp-content\/uploads\/2024\/08\/webstories3-150x150.png 150w, https:\/\/melizestetica.com.br\/admin\/wp-content\/uploads\/2024\/08\/webstories3-768x768.png 768w, https:\/\/melizestetica.com.br\/admin\/wp-content\/uploads\/2024\/08\/webstories3-1536x1536.png 1536w, https:\/\/melizestetica.com.br\/admin\/wp-content\/uploads\/2024\/08\/webstories3.png 2048w\" sizes=\"auto, (max-width: 300px) 100vw, 300px\" \/>  \t\t\t\t\t\t\t  \t\t\t\t\t\t\t  \t\t\t\t\t\t<\/div>\n  \t\t\t\t\t\t  \t\t\t\t\t<\/div>\n          \t\t\t\t\t<div class=\"box-text text-center\" >\n\t\t\t\t\t<div class=\"box-text-inner blog-post-inner\">\n\n\t\t\t\t\t\n\t\t\t\t\t\t\t\t\t\t<h5 class=\"post-title is-large \">Tecnologia a Servi\u00e7o da Beleza<\/h5>\n\t\t\t\t\t\t\t\t\t\t<div class=\"is-divider\"><\/div>\n\t\t\t\t\t\t\t\t\t\t<p class=\"from_the_blog_excerpt \">A est\u00e9tica avan\u00e7ada combina as mais recentes tecnologias com t\u00e9cnicas inovadoras para transformar a apar\u00eancia [...]\t\t\t\t\t<\/p>\n\t\t\t\t\t                    \n\t\t\t\t\t\n\t\t\t\t\t\n\t\t\t\t\t<\/div>\n\t\t\t\t\t<\/div>\n\t\t\t\t\t\t\t\t\t<\/div>\n\t\t\t\t<\/a>\n\t\t\t<\/div>\n\t\t<\/div><div class=\"col post-item\" >\n\t\t\t<div class=\"col-inner\">\n\t\t\t<a href=\"https:\/\/melizestetica.com.br\/admin\/2023\/07\/15\/hello-world\/\" class=\"plain\">\n\t\t\t\t<div class=\"box box-normal box-text-bottom box-blog-post has-hover\">\n            \t\t\t\t\t<div class=\"box-image\" >\n  \t\t\t\t\t\t<div class=\"image-cover\" style=\"padding-top:56.25%;\">\n  \t\t\t\t\t\t\t<img loading=\"lazy\" decoding=\"async\" width=\"300\" height=\"200\" src=\"https:\/\/melizestetica.com.br\/admin\/wp-content\/uploads\/2023\/07\/mulher-com-uma-cicatriz-no-ombro-300x200.jpg\" class=\"attachment-medium size-medium wp-post-image\" alt=\"\" srcset=\"https:\/\/melizestetica.com.br\/admin\/wp-content\/uploads\/2023\/07\/mulher-com-uma-cicatriz-no-ombro-300x200.jpg 300w, https:\/\/melizestetica.com.br\/admin\/wp-content\/uploads\/2023\/07\/mulher-com-uma-cicatriz-no-ombro-1024x683.jpg 1024w, https:\/\/melizestetica.com.br\/admin\/wp-content\/uploads\/2023\/07\/mulher-com-uma-cicatriz-no-ombro-768x512.jpg 768w, https:\/\/melizestetica.com.br\/admin\/wp-content\/uploads\/2023\/07\/mulher-com-uma-cicatriz-no-ombro.jpg 1500w\" sizes=\"auto, (max-width: 300px) 100vw, 300px\" \/>  \t\t\t\t\t\t\t  \t\t\t\t\t\t\t  \t\t\t\t\t\t<\/div>\n  \t\t\t\t\t\t  \t\t\t\t\t<\/div>\n          \t\t\t\t\t<div class=\"box-text text-center\" >\n\t\t\t\t\t<div class=\"box-text-inner blog-post-inner\">\n\n\t\t\t\t\t\n\t\t\t\t\t\t\t\t\t\t<h5 class=\"post-title is-large \">O Poder do Autocuidado no Aumento do Bem-Estar<\/h5>\n\t\t\t\t\t\t\t\t\t\t<div class=\"is-divider\"><\/div>\n\t\t\t\t\t\t\t\t\t\t<p class=\"from_the_blog_excerpt \">O autocuidado vai al\u00e9m da est\u00e9tica, ele \u00e9 uma pr\u00e1tica essencial para promover bem-estar f\u00edsico [...]\t\t\t\t\t<\/p>\n\t\t\t\t\t                    \n\t\t\t\t\t\n\t\t\t\t\t\n\t\t\t\t\t<\/div>\n\t\t\t\t\t<\/div>\n\t\t\t\t\t\t\t\t\t<\/div>\n\t\t\t\t<\/a>\n\t\t\t<\/div>\n\t\t<\/div><\/div>\n\n\n\t\t<\/div>\n\t\t\t\t\t<\/div>\n\n\t\n\n<\/div>\n\n\t\t<\/div>\n\t\t\t\t\t<\/div>\n\n\t\n\n<\/div>\n\n\t\t<\/div>\n\n\t\t\n<style>\n#section_1742865556 {\n  padding-top: 20px;\n  padding-bottom: 20px;\n  margin-bottom: -100px;\n}\n#section_1742865556 .ux-shape-divider--top svg {\n  height: 150px;\n  --divider-top-width: 100%;\n}\n#section_1742865556 .ux-shape-divider--bottom svg {\n  height: 150px;\n  --divider-width: 100%;\n}\n<\/style>\n\t<\/section>\n\t\n\n","protected":false},"excerpt":{"rendered":"","protected":false},"author":1,"featured_media":0,"parent":0,"menu_order":0,"comment_status":"closed","ping_status":"closed","template":"page-blank.php","meta":{"footnotes":""},"class_list":["post-192","page","type-page","status-publish","hentry"],"_links":{"self":[{"href":"https:\/\/melizestetica.com.br\/admin\/wp-json\/wp\/v2\/pages\/192","targetHints":{"allow":["GET"]}}],"collection":[{"href":"https:\/\/melizestetica.com.br\/admin\/wp-json\/wp\/v2\/pages"}],"about":[{"href":"https:\/\/melizestetica.com.br\/admin\/wp-json\/wp\/v2\/types\/page"}],"author":[{"embeddable":true,"href":"https:\/\/melizestetica.com.br\/admin\/wp-json\/wp\/v2\/users\/1"}],"replies":[{"embeddable":true,"href":"https:\/\/melizestetica.com.br\/admin\/wp-json\/wp\/v2\/comments?post=192"}],"version-history":[{"count":29,"href":"https:\/\/melizestetica.com.br\/admin\/wp-json\/wp\/v2\/pages\/192\/revisions"}],"predecessor-version":[{"id":695,"href":"https:\/\/melizestetica.com.br\/admin\/wp-json\/wp\/v2\/pages\/192\/revisions\/695"}],"wp:attachment":[{"href":"https:\/\/melizestetica.com.br\/admin\/wp-json\/wp\/v2\/media?parent=192"}],"curies":[{"name":"wp","href":"https:\/\/api.w.org\/{rel}","templated":true}]}}